{"id":8184,"date":"2025-07-05T08:42:11","date_gmt":"2025-07-05T08:42:11","guid":{"rendered":"https:\/\/guruofficialbrand.com\/prodotto\/summer-bloom-t-shirt-pour-femmes-blanc-optique\/"},"modified":"2026-02-04T13:56:33","modified_gmt":"2026-02-04T13:56:33","slug":"summer-bloom-t-shirt-pour-femmes-blanc-optique","status":"publish","type":"product","link":"https:\/\/guruofficialbrand.com\/fr\/prodotto\/summer-bloom-t-shirt-pour-femmes-blanc-optique\/","title":{"rendered":"Bloom &#8211; T-shirt femme &#8211; Blanc optique"},"content":{"rendered":"<p>&#8220;<em data-start=\"2028\" data-end=\"2079\">Oui, je suis assez, assez fatigu\u00e9e de ces conneries.&#8221;<\/em><br data-start=\"2079\" data-end=\"2082\">Dans cette version totalement blanche, le sarcasme est refl\u00e9t\u00e9 dans le visage d&#8217;une fille devant le miroir. Une explosion de sinc\u00e9rit\u00e9, de lucidit\u00e9 et de style. Parfait pour ceux qui n&#8217;ont plus de patience&#8230; mais qui restent \u00e9l\u00e9gants. Le jersey et les d\u00e9tails Guru compl\u00e8tent le v\u00eatement avec qualit\u00e9 et identit\u00e9.<\/p>\n","protected":false},"excerpt":{"rendered":"<p>&#8220;Oui, je suis assez, assez fatigu\u00e9e de ces conneries.&#8221;Dans cette version totalement blanche, le sarcasme est refl\u00e9t\u00e9 dans le visage<\/p>\n","protected":false},"featured_media":10596,"comment_status":"open","ping_status":"closed","template":"","meta":[],"product_brand":[],"product_cat":[223,125,224,173],"product_tag":[],"class_list":{"0":"post-8184","1":"product","2":"type-product","3":"status-publish","4":"has-post-thumbnail","6":"product_cat-collections","7":"product_cat-femme","8":"product_cat-summer-bloom","9":"product_cat-t-shirt-pour-femmes","10":"pa_taglia-l-fr","11":"pa_taglia-m-fr","12":"pa_taglia-s-fr","13":"pa_taglia-xl-fr","15":"first","16":"instock","17":"shipping-taxable","18":"purchasable","19":"product-type-variable"},"yoast_head":"<!-- This site is optimized with the Yoast SEO plugin v27.3 - https:\/\/yoast.com\/product\/yoast-seo-wordpress\/ -->\n<title>Bloom - T-shirt femme - Blanc optique - Guru<\/title>\n<meta name=\"robots\" content=\"index, follow, max-snippet:-1, max-image-preview:large, max-video-preview:-1\" \/>\n<link rel=\"canonical\" href=\"https:\/\/guruofficialbrand.com\/fr\/prodotto\/summer-bloom-t-shirt-pour-femmes-blanc-optique\/\" \/>\n<meta property=\"og:locale\" content=\"fr_FR\" \/>\n<meta property=\"og:type\" content=\"article\" \/>\n<meta property=\"og:title\" content=\"Bloom - T-shirt femme - Blanc optique - Guru\" \/>\n<meta property=\"og:description\" content=\"&#8220;Oui, je suis assez, assez fatigu\u00e9e de ces conneries.&#8221;Dans cette version totalement blanche, le sarcasme est refl\u00e9t\u00e9 dans le visage\" \/>\n<meta property=\"og:url\" content=\"https:\/\/guruofficialbrand.com\/fr\/prodotto\/summer-bloom-t-shirt-pour-femmes-blanc-optique\/\" \/>\n<meta property=\"og:site_name\" content=\"Guru\" \/>\n<meta property=\"article:publisher\" content=\"https:\/\/facebook.com\/guruofficialbrand\" \/>\n<meta property=\"article:modified_time\" content=\"2026-02-04T13:56:33+00:00\" \/>\n<meta property=\"og:image\" content=\"https:\/\/guruofficialbrand.com\/wp-content\/uploads\/2025\/07\/5-2.png\" \/>\n\t<meta property=\"og:image:width\" content=\"832\" \/>\n\t<meta property=\"og:image:height\" content=\"1248\" \/>\n\t<meta property=\"og:image:type\" content=\"image\/png\" \/>\n<meta name=\"twitter:card\" content=\"summary_large_image\" \/>\n<script type=\"application\/ld+json\" class=\"yoast-schema-graph\">{\"@context\":\"https:\\\/\\\/schema.org\",\"@graph\":[{\"@type\":\"WebPage\",\"@id\":\"https:\\\/\\\/guruofficialbrand.com\\\/fr\\\/prodotto\\\/summer-bloom-t-shirt-pour-femmes-blanc-optique\\\/\",\"url\":\"https:\\\/\\\/guruofficialbrand.com\\\/fr\\\/prodotto\\\/summer-bloom-t-shirt-pour-femmes-blanc-optique\\\/\",\"name\":\"Bloom - T-shirt femme - Blanc optique - Guru\",\"isPartOf\":{\"@id\":\"https:\\\/\\\/guruofficialbrand.com\\\/fr\\\/#website\"},\"primaryImageOfPage\":{\"@id\":\"https:\\\/\\\/guruofficialbrand.com\\\/fr\\\/prodotto\\\/summer-bloom-t-shirt-pour-femmes-blanc-optique\\\/#primaryimage\"},\"image\":{\"@id\":\"https:\\\/\\\/guruofficialbrand.com\\\/fr\\\/prodotto\\\/summer-bloom-t-shirt-pour-femmes-blanc-optique\\\/#primaryimage\"},\"thumbnailUrl\":\"https:\\\/\\\/guruofficialbrand.com\\\/wp-content\\\/uploads\\\/2025\\\/07\\\/5-2.png\",\"datePublished\":\"2025-07-05T08:42:11+00:00\",\"dateModified\":\"2026-02-04T13:56:33+00:00\",\"breadcrumb\":{\"@id\":\"https:\\\/\\\/guruofficialbrand.com\\\/fr\\\/prodotto\\\/summer-bloom-t-shirt-pour-femmes-blanc-optique\\\/#breadcrumb\"},\"inLanguage\":\"fr-FR\",\"potentialAction\":[{\"@type\":\"ReadAction\",\"target\":[\"https:\\\/\\\/guruofficialbrand.com\\\/fr\\\/prodotto\\\/summer-bloom-t-shirt-pour-femmes-blanc-optique\\\/\"]}]},{\"@type\":\"ImageObject\",\"inLanguage\":\"fr-FR\",\"@id\":\"https:\\\/\\\/guruofficialbrand.com\\\/fr\\\/prodotto\\\/summer-bloom-t-shirt-pour-femmes-blanc-optique\\\/#primaryimage\",\"url\":\"https:\\\/\\\/guruofficialbrand.com\\\/wp-content\\\/uploads\\\/2025\\\/07\\\/5-2.png\",\"contentUrl\":\"https:\\\/\\\/guruofficialbrand.com\\\/wp-content\\\/uploads\\\/2025\\\/07\\\/5-2.png\",\"width\":832,\"height\":1248},{\"@type\":\"BreadcrumbList\",\"@id\":\"https:\\\/\\\/guruofficialbrand.com\\\/fr\\\/prodotto\\\/summer-bloom-t-shirt-pour-femmes-blanc-optique\\\/#breadcrumb\",\"itemListElement\":[{\"@type\":\"ListItem\",\"position\":1,\"name\":\"Accueil\",\"item\":\"https:\\\/\\\/guruofficialbrand.com\\\/fr\\\/accueil\\\/\"},{\"@type\":\"ListItem\",\"position\":2,\"name\":\"Boutique\",\"item\":\"https:\\\/\\\/guruofficialbrand.com\\\/fr\\\/boutique\\\/\"},{\"@type\":\"ListItem\",\"position\":3,\"name\":\"Bloom &#8211; T-shirt femme &#8211; Blanc optique\"}]},{\"@type\":\"WebSite\",\"@id\":\"https:\\\/\\\/guruofficialbrand.com\\\/fr\\\/#website\",\"url\":\"https:\\\/\\\/guruofficialbrand.com\\\/fr\\\/\",\"name\":\"Guru\",\"description\":\"Official Store\",\"publisher\":{\"@id\":\"https:\\\/\\\/guruofficialbrand.com\\\/fr\\\/#organization\"},\"potentialAction\":[{\"@type\":\"SearchAction\",\"target\":{\"@type\":\"EntryPoint\",\"urlTemplate\":\"https:\\\/\\\/guruofficialbrand.com\\\/fr\\\/?s={search_term_string}\"},\"query-input\":{\"@type\":\"PropertyValueSpecification\",\"valueRequired\":true,\"valueName\":\"search_term_string\"}}],\"inLanguage\":\"fr-FR\"},{\"@type\":\"Organization\",\"@id\":\"https:\\\/\\\/guruofficialbrand.com\\\/fr\\\/#organization\",\"name\":\"Gourou\",\"url\":\"https:\\\/\\\/guruofficialbrand.com\\\/fr\\\/\",\"logo\":{\"@type\":\"ImageObject\",\"inLanguage\":\"fr-FR\",\"@id\":\"https:\\\/\\\/guruofficialbrand.com\\\/fr\\\/#\\\/schema\\\/logo\\\/image\\\/\",\"url\":\"https:\\\/\\\/guruofficialbrand.com\\\/wp-content\\\/uploads\\\/2025\\\/07\\\/Logo-GURU-Superclassic.png\",\"contentUrl\":\"https:\\\/\\\/guruofficialbrand.com\\\/wp-content\\\/uploads\\\/2025\\\/07\\\/Logo-GURU-Superclassic.png\",\"width\":1080,\"height\":1080,\"caption\":\"Gourou\"},\"image\":{\"@id\":\"https:\\\/\\\/guruofficialbrand.com\\\/fr\\\/#\\\/schema\\\/logo\\\/image\\\/\"},\"sameAs\":[\"https:\\\/\\\/facebook.com\\\/guruofficialbrand\",\"https:\\\/\\\/instagram.com\\\/guruofficialbrand\",\"https:\\\/\\\/tiktok.com\\\/guruofficialbrand\"]}]}<\/script>\n<!-- \/ Yoast SEO plugin. -->","yoast_head_json":{"title":"Bloom - T-shirt femme - Blanc optique - Guru","robots":{"index":"index","follow":"follow","max-snippet":"max-snippet:-1","max-image-preview":"max-image-preview:large","max-video-preview":"max-video-preview:-1"},"canonical":"https:\/\/guruofficialbrand.com\/fr\/prodotto\/summer-bloom-t-shirt-pour-femmes-blanc-optique\/","og_locale":"fr_FR","og_type":"article","og_title":"Bloom - T-shirt femme - Blanc optique - Guru","og_description":"&#8220;Oui, je suis assez, assez fatigu\u00e9e de ces conneries.&#8221;Dans cette version totalement blanche, le sarcasme est refl\u00e9t\u00e9 dans le visage","og_url":"https:\/\/guruofficialbrand.com\/fr\/prodotto\/summer-bloom-t-shirt-pour-femmes-blanc-optique\/","og_site_name":"Guru","article_publisher":"https:\/\/facebook.com\/guruofficialbrand","article_modified_time":"2026-02-04T13:56:33+00:00","og_image":[{"width":832,"height":1248,"url":"https:\/\/guruofficialbrand.com\/wp-content\/uploads\/2025\/07\/5-2.png","type":"image\/png"}],"twitter_card":"summary_large_image","schema":{"@context":"https:\/\/schema.org","@graph":[{"@type":"WebPage","@id":"https:\/\/guruofficialbrand.com\/fr\/prodotto\/summer-bloom-t-shirt-pour-femmes-blanc-optique\/","url":"https:\/\/guruofficialbrand.com\/fr\/prodotto\/summer-bloom-t-shirt-pour-femmes-blanc-optique\/","name":"Bloom - T-shirt femme - Blanc optique - Guru","isPartOf":{"@id":"https:\/\/guruofficialbrand.com\/fr\/#website"},"primaryImageOfPage":{"@id":"https:\/\/guruofficialbrand.com\/fr\/prodotto\/summer-bloom-t-shirt-pour-femmes-blanc-optique\/#primaryimage"},"image":{"@id":"https:\/\/guruofficialbrand.com\/fr\/prodotto\/summer-bloom-t-shirt-pour-femmes-blanc-optique\/#primaryimage"},"thumbnailUrl":"https:\/\/guruofficialbrand.com\/wp-content\/uploads\/2025\/07\/5-2.png","datePublished":"2025-07-05T08:42:11+00:00","dateModified":"2026-02-04T13:56:33+00:00","breadcrumb":{"@id":"https:\/\/guruofficialbrand.com\/fr\/prodotto\/summer-bloom-t-shirt-pour-femmes-blanc-optique\/#breadcrumb"},"inLanguage":"fr-FR","potentialAction":[{"@type":"ReadAction","target":["https:\/\/guruofficialbrand.com\/fr\/prodotto\/summer-bloom-t-shirt-pour-femmes-blanc-optique\/"]}]},{"@type":"ImageObject","inLanguage":"fr-FR","@id":"https:\/\/guruofficialbrand.com\/fr\/prodotto\/summer-bloom-t-shirt-pour-femmes-blanc-optique\/#primaryimage","url":"https:\/\/guruofficialbrand.com\/wp-content\/uploads\/2025\/07\/5-2.png","contentUrl":"https:\/\/guruofficialbrand.com\/wp-content\/uploads\/2025\/07\/5-2.png","width":832,"height":1248},{"@type":"BreadcrumbList","@id":"https:\/\/guruofficialbrand.com\/fr\/prodotto\/summer-bloom-t-shirt-pour-femmes-blanc-optique\/#breadcrumb","itemListElement":[{"@type":"ListItem","position":1,"name":"Accueil","item":"https:\/\/guruofficialbrand.com\/fr\/accueil\/"},{"@type":"ListItem","position":2,"name":"Boutique","item":"https:\/\/guruofficialbrand.com\/fr\/boutique\/"},{"@type":"ListItem","position":3,"name":"Bloom &#8211; T-shirt femme &#8211; Blanc optique"}]},{"@type":"WebSite","@id":"https:\/\/guruofficialbrand.com\/fr\/#website","url":"https:\/\/guruofficialbrand.com\/fr\/","name":"Guru","description":"Official Store","publisher":{"@id":"https:\/\/guruofficialbrand.com\/fr\/#organization"},"potentialAction":[{"@type":"SearchAction","target":{"@type":"EntryPoint","urlTemplate":"https:\/\/guruofficialbrand.com\/fr\/?s={search_term_string}"},"query-input":{"@type":"PropertyValueSpecification","valueRequired":true,"valueName":"search_term_string"}}],"inLanguage":"fr-FR"},{"@type":"Organization","@id":"https:\/\/guruofficialbrand.com\/fr\/#organization","name":"Gourou","url":"https:\/\/guruofficialbrand.com\/fr\/","logo":{"@type":"ImageObject","inLanguage":"fr-FR","@id":"https:\/\/guruofficialbrand.com\/fr\/#\/schema\/logo\/image\/","url":"https:\/\/guruofficialbrand.com\/wp-content\/uploads\/2025\/07\/Logo-GURU-Superclassic.png","contentUrl":"https:\/\/guruofficialbrand.com\/wp-content\/uploads\/2025\/07\/Logo-GURU-Superclassic.png","width":1080,"height":1080,"caption":"Gourou"},"image":{"@id":"https:\/\/guruofficialbrand.com\/fr\/#\/schema\/logo\/image\/"},"sameAs":["https:\/\/facebook.com\/guruofficialbrand","https:\/\/instagram.com\/guruofficialbrand","https:\/\/tiktok.com\/guruofficialbrand"]}]}},"_links":{"self":[{"href":"https:\/\/guruofficialbrand.com\/fr\/wp-json\/wp\/v2\/product\/8184","targetHints":{"allow":["GET"]}}],"collection":[{"href":"https:\/\/guruofficialbrand.com\/fr\/wp-json\/wp\/v2\/product"}],"about":[{"href":"https:\/\/guruofficialbrand.com\/fr\/wp-json\/wp\/v2\/types\/product"}],"replies":[{"embeddable":true,"href":"https:\/\/guruofficialbrand.com\/fr\/wp-json\/wp\/v2\/comments?post=8184"}],"version-history":[{"count":2,"href":"https:\/\/guruofficialbrand.com\/fr\/wp-json\/wp\/v2\/product\/8184\/revisions"}],"predecessor-version":[{"id":10857,"href":"https:\/\/guruofficialbrand.com\/fr\/wp-json\/wp\/v2\/product\/8184\/revisions\/10857"}],"wp:featuredmedia":[{"embeddable":true,"href":"https:\/\/guruofficialbrand.com\/fr\/wp-json\/wp\/v2\/media\/10596"}],"wp:attachment":[{"href":"https:\/\/guruofficialbrand.com\/fr\/wp-json\/wp\/v2\/media?parent=8184"}],"wp:term":[{"taxonomy":"product_brand","embeddable":true,"href":"https:\/\/guruofficialbrand.com\/fr\/wp-json\/wp\/v2\/product_brand?post=8184"},{"taxonomy":"product_cat","embeddable":true,"href":"https:\/\/guruofficialbrand.com\/fr\/wp-json\/wp\/v2\/product_cat?post=8184"},{"taxonomy":"product_tag","embeddable":true,"href":"https:\/\/guruofficialbrand.com\/fr\/wp-json\/wp\/v2\/product_tag?post=8184"}],"curies":[{"name":"wp","href":"https:\/\/api.w.org\/{rel}","templated":true}]}}