{"id":8144,"date":"2025-07-05T08:02:00","date_gmt":"2025-07-05T08:02:00","guid":{"rendered":"https:\/\/guruofficialbrand.com\/prodotto\/t-shirt-homme-summer-bloom-seaside-rebels-aquatic-awe\/"},"modified":"2025-11-06T11:35:41","modified_gmt":"2025-11-06T11:35:41","slug":"t-shirt-homme-summer-bloom-seaside-rebels-aquatic-awe","status":"publish","type":"product","link":"https:\/\/guruofficialbrand.com\/fr\/prodotto\/t-shirt-homme-summer-bloom-seaside-rebels-aquatic-awe\/","title":{"rendered":"T-shirt homme Bloom Seaside Rebels &#8211; Aquatic Awe"},"content":{"rendered":"<p>Vibrante et naturelle, la version <em data-start=\"761\" data-end=\"774\">Aquatic Awe<\/em> rappelle les reflets de la mer et la fra\u00eecheur des jours d&#8217;\u00e9t\u00e9. Au centre de l&#8217;imprim\u00e9 se trouve le <strong data-start=\"871\" data-end=\"911\">coq hipster avec ses lunettes et son bandana<\/strong>, m\u00e9lange parfait d&#8217;ironie et de fra\u00eecheur contemporaine. La combinaison de couleurs r\u00e9ussie est rehauss\u00e9e par des nervures graphiques telles que le logo Guru et le &#8220;Daisy&#8221; s\u00e9rigraphi\u00e9.<\/p>\n","protected":false},"excerpt":{"rendered":"<p>Vibrante et naturelle, la version Aquatic Awe rappelle les reflets de la mer et la fra\u00eecheur des jours d&#8217;\u00e9t\u00e9. Au<\/p>\n","protected":false},"featured_media":10603,"comment_status":"open","ping_status":"closed","template":"","meta":[],"product_brand":[],"product_cat":[223,153,224,155],"product_tag":[],"class_list":{"0":"post-8144","1":"product","2":"type-product","3":"status-publish","4":"has-post-thumbnail","6":"product_cat-collections","7":"product_cat-man","8":"product_cat-summer-bloom","9":"product_cat-t-shirt-pour-hommes","10":"pa_taglia-l-fr","11":"pa_taglia-m-fr","12":"pa_taglia-s-fr","13":"pa_taglia-xl-fr","15":"first","16":"instock","17":"sale","18":"shipping-taxable","19":"purchasable","20":"product-type-variable"},"yoast_head":"<!-- This site is optimized with the Yoast SEO plugin v27.3 - https:\/\/yoast.com\/product\/yoast-seo-wordpress\/ -->\n<title>T-shirt homme Bloom Seaside Rebels - Aquatic Awe - Guru<\/title>\n<meta name=\"robots\" content=\"index, follow, max-snippet:-1, max-image-preview:large, max-video-preview:-1\" \/>\n<link rel=\"canonical\" href=\"https:\/\/guruofficialbrand.com\/fr\/prodotto\/t-shirt-homme-summer-bloom-seaside-rebels-aquatic-awe\/\" \/>\n<meta property=\"og:locale\" content=\"fr_FR\" \/>\n<meta property=\"og:type\" content=\"article\" \/>\n<meta property=\"og:title\" content=\"T-shirt homme Bloom Seaside Rebels - Aquatic Awe - Guru\" \/>\n<meta property=\"og:description\" content=\"Vibrante et naturelle, la version Aquatic Awe rappelle les reflets de la mer et la fra\u00eecheur des jours d&#8217;\u00e9t\u00e9. Au\" \/>\n<meta property=\"og:url\" content=\"https:\/\/guruofficialbrand.com\/fr\/prodotto\/t-shirt-homme-summer-bloom-seaside-rebels-aquatic-awe\/\" \/>\n<meta property=\"og:site_name\" content=\"Guru\" \/>\n<meta property=\"article:publisher\" content=\"https:\/\/facebook.com\/guruofficialbrand\" \/>\n<meta property=\"article:modified_time\" content=\"2025-11-06T11:35:41+00:00\" \/>\n<meta property=\"og:image\" content=\"https:\/\/guruofficialbrand.com\/wp-content\/uploads\/2025\/07\/6-1.png\" \/>\n\t<meta property=\"og:image:width\" content=\"832\" \/>\n\t<meta property=\"og:image:height\" content=\"1248\" \/>\n\t<meta property=\"og:image:type\" content=\"image\/png\" \/>\n<meta name=\"twitter:card\" content=\"summary_large_image\" \/>\n<script type=\"application\/ld+json\" class=\"yoast-schema-graph\">{\"@context\":\"https:\\\/\\\/schema.org\",\"@graph\":[{\"@type\":\"WebPage\",\"@id\":\"https:\\\/\\\/guruofficialbrand.com\\\/fr\\\/prodotto\\\/t-shirt-homme-summer-bloom-seaside-rebels-aquatic-awe\\\/\",\"url\":\"https:\\\/\\\/guruofficialbrand.com\\\/fr\\\/prodotto\\\/t-shirt-homme-summer-bloom-seaside-rebels-aquatic-awe\\\/\",\"name\":\"T-shirt homme Bloom Seaside Rebels - Aquatic Awe - Guru\",\"isPartOf\":{\"@id\":\"https:\\\/\\\/guruofficialbrand.com\\\/fr\\\/#website\"},\"primaryImageOfPage\":{\"@id\":\"https:\\\/\\\/guruofficialbrand.com\\\/fr\\\/prodotto\\\/t-shirt-homme-summer-bloom-seaside-rebels-aquatic-awe\\\/#primaryimage\"},\"image\":{\"@id\":\"https:\\\/\\\/guruofficialbrand.com\\\/fr\\\/prodotto\\\/t-shirt-homme-summer-bloom-seaside-rebels-aquatic-awe\\\/#primaryimage\"},\"thumbnailUrl\":\"https:\\\/\\\/guruofficialbrand.com\\\/wp-content\\\/uploads\\\/2025\\\/07\\\/6-1.png\",\"datePublished\":\"2025-07-05T08:02:00+00:00\",\"dateModified\":\"2025-11-06T11:35:41+00:00\",\"breadcrumb\":{\"@id\":\"https:\\\/\\\/guruofficialbrand.com\\\/fr\\\/prodotto\\\/t-shirt-homme-summer-bloom-seaside-rebels-aquatic-awe\\\/#breadcrumb\"},\"inLanguage\":\"fr-FR\",\"potentialAction\":[{\"@type\":\"ReadAction\",\"target\":[\"https:\\\/\\\/guruofficialbrand.com\\\/fr\\\/prodotto\\\/t-shirt-homme-summer-bloom-seaside-rebels-aquatic-awe\\\/\"]}]},{\"@type\":\"ImageObject\",\"inLanguage\":\"fr-FR\",\"@id\":\"https:\\\/\\\/guruofficialbrand.com\\\/fr\\\/prodotto\\\/t-shirt-homme-summer-bloom-seaside-rebels-aquatic-awe\\\/#primaryimage\",\"url\":\"https:\\\/\\\/guruofficialbrand.com\\\/wp-content\\\/uploads\\\/2025\\\/07\\\/6-1.png\",\"contentUrl\":\"https:\\\/\\\/guruofficialbrand.com\\\/wp-content\\\/uploads\\\/2025\\\/07\\\/6-1.png\",\"width\":832,\"height\":1248},{\"@type\":\"BreadcrumbList\",\"@id\":\"https:\\\/\\\/guruofficialbrand.com\\\/fr\\\/prodotto\\\/t-shirt-homme-summer-bloom-seaside-rebels-aquatic-awe\\\/#breadcrumb\",\"itemListElement\":[{\"@type\":\"ListItem\",\"position\":1,\"name\":\"Accueil\",\"item\":\"https:\\\/\\\/guruofficialbrand.com\\\/fr\\\/accueil\\\/\"},{\"@type\":\"ListItem\",\"position\":2,\"name\":\"Boutique\",\"item\":\"https:\\\/\\\/guruofficialbrand.com\\\/fr\\\/boutique\\\/\"},{\"@type\":\"ListItem\",\"position\":3,\"name\":\"T-shirt homme Bloom Seaside Rebels &#8211; Aquatic Awe\"}]},{\"@type\":\"WebSite\",\"@id\":\"https:\\\/\\\/guruofficialbrand.com\\\/fr\\\/#website\",\"url\":\"https:\\\/\\\/guruofficialbrand.com\\\/fr\\\/\",\"name\":\"Guru\",\"description\":\"Official Store\",\"publisher\":{\"@id\":\"https:\\\/\\\/guruofficialbrand.com\\\/fr\\\/#organization\"},\"potentialAction\":[{\"@type\":\"SearchAction\",\"target\":{\"@type\":\"EntryPoint\",\"urlTemplate\":\"https:\\\/\\\/guruofficialbrand.com\\\/fr\\\/?s={search_term_string}\"},\"query-input\":{\"@type\":\"PropertyValueSpecification\",\"valueRequired\":true,\"valueName\":\"search_term_string\"}}],\"inLanguage\":\"fr-FR\"},{\"@type\":\"Organization\",\"@id\":\"https:\\\/\\\/guruofficialbrand.com\\\/fr\\\/#organization\",\"name\":\"Gourou\",\"url\":\"https:\\\/\\\/guruofficialbrand.com\\\/fr\\\/\",\"logo\":{\"@type\":\"ImageObject\",\"inLanguage\":\"fr-FR\",\"@id\":\"https:\\\/\\\/guruofficialbrand.com\\\/fr\\\/#\\\/schema\\\/logo\\\/image\\\/\",\"url\":\"https:\\\/\\\/guruofficialbrand.com\\\/wp-content\\\/uploads\\\/2025\\\/07\\\/Logo-GURU-Superclassic.png\",\"contentUrl\":\"https:\\\/\\\/guruofficialbrand.com\\\/wp-content\\\/uploads\\\/2025\\\/07\\\/Logo-GURU-Superclassic.png\",\"width\":1080,\"height\":1080,\"caption\":\"Gourou\"},\"image\":{\"@id\":\"https:\\\/\\\/guruofficialbrand.com\\\/fr\\\/#\\\/schema\\\/logo\\\/image\\\/\"},\"sameAs\":[\"https:\\\/\\\/facebook.com\\\/guruofficialbrand\",\"https:\\\/\\\/instagram.com\\\/guruofficialbrand\",\"https:\\\/\\\/tiktok.com\\\/guruofficialbrand\"]}]}<\/script>\n<!-- \/ Yoast SEO plugin. -->","yoast_head_json":{"title":"T-shirt homme Bloom Seaside Rebels - Aquatic Awe - Guru","robots":{"index":"index","follow":"follow","max-snippet":"max-snippet:-1","max-image-preview":"max-image-preview:large","max-video-preview":"max-video-preview:-1"},"canonical":"https:\/\/guruofficialbrand.com\/fr\/prodotto\/t-shirt-homme-summer-bloom-seaside-rebels-aquatic-awe\/","og_locale":"fr_FR","og_type":"article","og_title":"T-shirt homme Bloom Seaside Rebels - Aquatic Awe - Guru","og_description":"Vibrante et naturelle, la version Aquatic Awe rappelle les reflets de la mer et la fra\u00eecheur des jours d&#8217;\u00e9t\u00e9. Au","og_url":"https:\/\/guruofficialbrand.com\/fr\/prodotto\/t-shirt-homme-summer-bloom-seaside-rebels-aquatic-awe\/","og_site_name":"Guru","article_publisher":"https:\/\/facebook.com\/guruofficialbrand","article_modified_time":"2025-11-06T11:35:41+00:00","og_image":[{"width":832,"height":1248,"url":"https:\/\/guruofficialbrand.com\/wp-content\/uploads\/2025\/07\/6-1.png","type":"image\/png"}],"twitter_card":"summary_large_image","schema":{"@context":"https:\/\/schema.org","@graph":[{"@type":"WebPage","@id":"https:\/\/guruofficialbrand.com\/fr\/prodotto\/t-shirt-homme-summer-bloom-seaside-rebels-aquatic-awe\/","url":"https:\/\/guruofficialbrand.com\/fr\/prodotto\/t-shirt-homme-summer-bloom-seaside-rebels-aquatic-awe\/","name":"T-shirt homme Bloom Seaside Rebels - Aquatic Awe - Guru","isPartOf":{"@id":"https:\/\/guruofficialbrand.com\/fr\/#website"},"primaryImageOfPage":{"@id":"https:\/\/guruofficialbrand.com\/fr\/prodotto\/t-shirt-homme-summer-bloom-seaside-rebels-aquatic-awe\/#primaryimage"},"image":{"@id":"https:\/\/guruofficialbrand.com\/fr\/prodotto\/t-shirt-homme-summer-bloom-seaside-rebels-aquatic-awe\/#primaryimage"},"thumbnailUrl":"https:\/\/guruofficialbrand.com\/wp-content\/uploads\/2025\/07\/6-1.png","datePublished":"2025-07-05T08:02:00+00:00","dateModified":"2025-11-06T11:35:41+00:00","breadcrumb":{"@id":"https:\/\/guruofficialbrand.com\/fr\/prodotto\/t-shirt-homme-summer-bloom-seaside-rebels-aquatic-awe\/#breadcrumb"},"inLanguage":"fr-FR","potentialAction":[{"@type":"ReadAction","target":["https:\/\/guruofficialbrand.com\/fr\/prodotto\/t-shirt-homme-summer-bloom-seaside-rebels-aquatic-awe\/"]}]},{"@type":"ImageObject","inLanguage":"fr-FR","@id":"https:\/\/guruofficialbrand.com\/fr\/prodotto\/t-shirt-homme-summer-bloom-seaside-rebels-aquatic-awe\/#primaryimage","url":"https:\/\/guruofficialbrand.com\/wp-content\/uploads\/2025\/07\/6-1.png","contentUrl":"https:\/\/guruofficialbrand.com\/wp-content\/uploads\/2025\/07\/6-1.png","width":832,"height":1248},{"@type":"BreadcrumbList","@id":"https:\/\/guruofficialbrand.com\/fr\/prodotto\/t-shirt-homme-summer-bloom-seaside-rebels-aquatic-awe\/#breadcrumb","itemListElement":[{"@type":"ListItem","position":1,"name":"Accueil","item":"https:\/\/guruofficialbrand.com\/fr\/accueil\/"},{"@type":"ListItem","position":2,"name":"Boutique","item":"https:\/\/guruofficialbrand.com\/fr\/boutique\/"},{"@type":"ListItem","position":3,"name":"T-shirt homme Bloom Seaside Rebels &#8211; Aquatic Awe"}]},{"@type":"WebSite","@id":"https:\/\/guruofficialbrand.com\/fr\/#website","url":"https:\/\/guruofficialbrand.com\/fr\/","name":"Guru","description":"Official Store","publisher":{"@id":"https:\/\/guruofficialbrand.com\/fr\/#organization"},"potentialAction":[{"@type":"SearchAction","target":{"@type":"EntryPoint","urlTemplate":"https:\/\/guruofficialbrand.com\/fr\/?s={search_term_string}"},"query-input":{"@type":"PropertyValueSpecification","valueRequired":true,"valueName":"search_term_string"}}],"inLanguage":"fr-FR"},{"@type":"Organization","@id":"https:\/\/guruofficialbrand.com\/fr\/#organization","name":"Gourou","url":"https:\/\/guruofficialbrand.com\/fr\/","logo":{"@type":"ImageObject","inLanguage":"fr-FR","@id":"https:\/\/guruofficialbrand.com\/fr\/#\/schema\/logo\/image\/","url":"https:\/\/guruofficialbrand.com\/wp-content\/uploads\/2025\/07\/Logo-GURU-Superclassic.png","contentUrl":"https:\/\/guruofficialbrand.com\/wp-content\/uploads\/2025\/07\/Logo-GURU-Superclassic.png","width":1080,"height":1080,"caption":"Gourou"},"image":{"@id":"https:\/\/guruofficialbrand.com\/fr\/#\/schema\/logo\/image\/"},"sameAs":["https:\/\/facebook.com\/guruofficialbrand","https:\/\/instagram.com\/guruofficialbrand","https:\/\/tiktok.com\/guruofficialbrand"]}]}},"_links":{"self":[{"href":"https:\/\/guruofficialbrand.com\/fr\/wp-json\/wp\/v2\/product\/8144","targetHints":{"allow":["GET"]}}],"collection":[{"href":"https:\/\/guruofficialbrand.com\/fr\/wp-json\/wp\/v2\/product"}],"about":[{"href":"https:\/\/guruofficialbrand.com\/fr\/wp-json\/wp\/v2\/types\/product"}],"replies":[{"embeddable":true,"href":"https:\/\/guruofficialbrand.com\/fr\/wp-json\/wp\/v2\/comments?post=8144"}],"version-history":[{"count":2,"href":"https:\/\/guruofficialbrand.com\/fr\/wp-json\/wp\/v2\/product\/8144\/revisions"}],"predecessor-version":[{"id":11224,"href":"https:\/\/guruofficialbrand.com\/fr\/wp-json\/wp\/v2\/product\/8144\/revisions\/11224"}],"wp:featuredmedia":[{"embeddable":true,"href":"https:\/\/guruofficialbrand.com\/fr\/wp-json\/wp\/v2\/media\/10603"}],"wp:attachment":[{"href":"https:\/\/guruofficialbrand.com\/fr\/wp-json\/wp\/v2\/media?parent=8144"}],"wp:term":[{"taxonomy":"product_brand","embeddable":true,"href":"https:\/\/guruofficialbrand.com\/fr\/wp-json\/wp\/v2\/product_brand?post=8144"},{"taxonomy":"product_cat","embeddable":true,"href":"https:\/\/guruofficialbrand.com\/fr\/wp-json\/wp\/v2\/product_cat?post=8144"},{"taxonomy":"product_tag","embeddable":true,"href":"https:\/\/guruofficialbrand.com\/fr\/wp-json\/wp\/v2\/product_tag?post=8144"}],"curies":[{"name":"wp","href":"https:\/\/api.w.org\/{rel}","templated":true}]}}