{"id":7508,"date":"2023-05-23T21:57:59","date_gmt":"2023-05-23T21:57:59","guid":{"rendered":"https:\/\/guruofficialbrand.com\/prodotto\/t-shirt-4\/"},"modified":"2025-12-10T14:53:46","modified_gmt":"2025-12-10T14:53:46","slug":"t-shirt-4","status":"publish","type":"product","link":"https:\/\/guruofficialbrand.com\/fr\/prodotto\/t-shirt-4\/","title":{"rendered":"T-shirt"},"content":{"rendered":"","protected":false},"excerpt":{"rendered":"<p>T-shirt \u00e0 manches courtes et col ras du cou en 100% coton, coupe r\u00e9guli\u00e8re, avec un logo color\u00e9 imprim\u00e9 sur le c\u00f4t\u00e9 c\u0153ur et un logo color\u00e9 sur les manches.<\/p>\n<p>Contemporain et cool, pour cr\u00e9er des tenues actuelles.<\/p>\n<p>COMPOSITION :<\/p>\n<p>100% coton<\/p>\n<p>&nbsp;<\/p>\n","protected":false},"featured_media":3935,"comment_status":"closed","ping_status":"closed","template":"","meta":[],"product_brand":[],"product_cat":[157,153,246,155],"product_tag":[],"class_list":{"0":"post-7508","1":"product","2":"type-product","3":"status-publish","4":"has-post-thumbnail","6":"product_cat-classique","7":"product_cat-man","8":"product_cat-multicolore-daisy","9":"product_cat-t-shirt-pour-hommes","10":"pa_colore-blanc","11":"pa_colore-marine","12":"pa_colore-noir","13":"pa_colore-vert","14":"pa_taglia-l-fr","15":"pa_taglia-m-fr","16":"pa_taglia-s-fr","17":"pa_taglia-xl-fr","18":"pa_taglia-xxl-fr","20":"first","21":"instock","22":"purchasable","23":"product-type-variable"},"yoast_head":"<!-- This site is optimized with the Yoast SEO plugin v27.3 - https:\/\/yoast.com\/product\/yoast-seo-wordpress\/ -->\n<title>T-shirt - Guru<\/title>\n<meta name=\"robots\" content=\"index, follow, max-snippet:-1, max-image-preview:large, max-video-preview:-1\" \/>\n<link rel=\"canonical\" href=\"https:\/\/guruofficialbrand.com\/fr\/prodotto\/t-shirt-4\/\" \/>\n<meta property=\"og:locale\" content=\"fr_FR\" \/>\n<meta property=\"og:type\" content=\"article\" \/>\n<meta property=\"og:title\" content=\"T-shirt - Guru\" \/>\n<meta property=\"og:description\" content=\"T-shirt \u00e0 manches courtes et col ras du cou en 100% coton, coupe r\u00e9guli\u00e8re, avec un logo color\u00e9 imprim\u00e9 sur le c\u00f4t\u00e9 c\u0153ur et un logo color\u00e9 sur les manches. Contemporain et cool, pour cr\u00e9er des tenues actuelles. COMPOSITION : 100% coton &nbsp;\" \/>\n<meta property=\"og:url\" content=\"https:\/\/guruofficialbrand.com\/fr\/prodotto\/t-shirt-4\/\" \/>\n<meta property=\"og:site_name\" content=\"Guru\" \/>\n<meta property=\"article:publisher\" content=\"https:\/\/facebook.com\/guruofficialbrand\" \/>\n<meta property=\"article:modified_time\" content=\"2025-12-10T14:53:46+00:00\" \/>\n<meta property=\"og:image\" content=\"https:\/\/guruofficialbrand.com\/wp-content\/uploads\/2025\/03\/style08-navy-fronte.jpg\" \/>\n\t<meta property=\"og:image:width\" content=\"1000\" \/>\n\t<meta property=\"og:image:height\" content=\"1000\" \/>\n\t<meta property=\"og:image:type\" content=\"image\/jpeg\" \/>\n<meta name=\"twitter:card\" content=\"summary_large_image\" \/>\n<script type=\"application\/ld+json\" class=\"yoast-schema-graph\">{\"@context\":\"https:\\\/\\\/schema.org\",\"@graph\":[{\"@type\":\"WebPage\",\"@id\":\"https:\\\/\\\/guruofficialbrand.com\\\/fr\\\/prodotto\\\/t-shirt-4\\\/\",\"url\":\"https:\\\/\\\/guruofficialbrand.com\\\/fr\\\/prodotto\\\/t-shirt-4\\\/\",\"name\":\"T-shirt - Guru\",\"isPartOf\":{\"@id\":\"https:\\\/\\\/guruofficialbrand.com\\\/fr\\\/#website\"},\"primaryImageOfPage\":{\"@id\":\"https:\\\/\\\/guruofficialbrand.com\\\/fr\\\/prodotto\\\/t-shirt-4\\\/#primaryimage\"},\"image\":{\"@id\":\"https:\\\/\\\/guruofficialbrand.com\\\/fr\\\/prodotto\\\/t-shirt-4\\\/#primaryimage\"},\"thumbnailUrl\":\"https:\\\/\\\/guruofficialbrand.com\\\/wp-content\\\/uploads\\\/2025\\\/03\\\/style08-navy-fronte.jpg\",\"datePublished\":\"2023-05-23T21:57:59+00:00\",\"dateModified\":\"2025-12-10T14:53:46+00:00\",\"breadcrumb\":{\"@id\":\"https:\\\/\\\/guruofficialbrand.com\\\/fr\\\/prodotto\\\/t-shirt-4\\\/#breadcrumb\"},\"inLanguage\":\"fr-FR\",\"potentialAction\":[{\"@type\":\"ReadAction\",\"target\":[\"https:\\\/\\\/guruofficialbrand.com\\\/fr\\\/prodotto\\\/t-shirt-4\\\/\"]}]},{\"@type\":\"ImageObject\",\"inLanguage\":\"fr-FR\",\"@id\":\"https:\\\/\\\/guruofficialbrand.com\\\/fr\\\/prodotto\\\/t-shirt-4\\\/#primaryimage\",\"url\":\"https:\\\/\\\/guruofficialbrand.com\\\/wp-content\\\/uploads\\\/2025\\\/03\\\/style08-navy-fronte.jpg\",\"contentUrl\":\"https:\\\/\\\/guruofficialbrand.com\\\/wp-content\\\/uploads\\\/2025\\\/03\\\/style08-navy-fronte.jpg\",\"width\":1000,\"height\":1000},{\"@type\":\"BreadcrumbList\",\"@id\":\"https:\\\/\\\/guruofficialbrand.com\\\/fr\\\/prodotto\\\/t-shirt-4\\\/#breadcrumb\",\"itemListElement\":[{\"@type\":\"ListItem\",\"position\":1,\"name\":\"Accueil\",\"item\":\"https:\\\/\\\/guruofficialbrand.com\\\/fr\\\/accueil\\\/\"},{\"@type\":\"ListItem\",\"position\":2,\"name\":\"Boutique\",\"item\":\"https:\\\/\\\/guruofficialbrand.com\\\/fr\\\/boutique\\\/\"},{\"@type\":\"ListItem\",\"position\":3,\"name\":\"T-shirt\"}]},{\"@type\":\"WebSite\",\"@id\":\"https:\\\/\\\/guruofficialbrand.com\\\/fr\\\/#website\",\"url\":\"https:\\\/\\\/guruofficialbrand.com\\\/fr\\\/\",\"name\":\"Guru\",\"description\":\"Official Store\",\"publisher\":{\"@id\":\"https:\\\/\\\/guruofficialbrand.com\\\/fr\\\/#organization\"},\"potentialAction\":[{\"@type\":\"SearchAction\",\"target\":{\"@type\":\"EntryPoint\",\"urlTemplate\":\"https:\\\/\\\/guruofficialbrand.com\\\/fr\\\/?s={search_term_string}\"},\"query-input\":{\"@type\":\"PropertyValueSpecification\",\"valueRequired\":true,\"valueName\":\"search_term_string\"}}],\"inLanguage\":\"fr-FR\"},{\"@type\":\"Organization\",\"@id\":\"https:\\\/\\\/guruofficialbrand.com\\\/fr\\\/#organization\",\"name\":\"Gourou\",\"url\":\"https:\\\/\\\/guruofficialbrand.com\\\/fr\\\/\",\"logo\":{\"@type\":\"ImageObject\",\"inLanguage\":\"fr-FR\",\"@id\":\"https:\\\/\\\/guruofficialbrand.com\\\/fr\\\/#\\\/schema\\\/logo\\\/image\\\/\",\"url\":\"https:\\\/\\\/guruofficialbrand.com\\\/wp-content\\\/uploads\\\/2025\\\/07\\\/Logo-GURU-Superclassic.png\",\"contentUrl\":\"https:\\\/\\\/guruofficialbrand.com\\\/wp-content\\\/uploads\\\/2025\\\/07\\\/Logo-GURU-Superclassic.png\",\"width\":1080,\"height\":1080,\"caption\":\"Gourou\"},\"image\":{\"@id\":\"https:\\\/\\\/guruofficialbrand.com\\\/fr\\\/#\\\/schema\\\/logo\\\/image\\\/\"},\"sameAs\":[\"https:\\\/\\\/facebook.com\\\/guruofficialbrand\",\"https:\\\/\\\/instagram.com\\\/guruofficialbrand\",\"https:\\\/\\\/tiktok.com\\\/guruofficialbrand\"]}]}<\/script>\n<!-- \/ Yoast SEO plugin. -->","yoast_head_json":{"title":"T-shirt - Guru","robots":{"index":"index","follow":"follow","max-snippet":"max-snippet:-1","max-image-preview":"max-image-preview:large","max-video-preview":"max-video-preview:-1"},"canonical":"https:\/\/guruofficialbrand.com\/fr\/prodotto\/t-shirt-4\/","og_locale":"fr_FR","og_type":"article","og_title":"T-shirt - Guru","og_description":"T-shirt \u00e0 manches courtes et col ras du cou en 100% coton, coupe r\u00e9guli\u00e8re, avec un logo color\u00e9 imprim\u00e9 sur le c\u00f4t\u00e9 c\u0153ur et un logo color\u00e9 sur les manches. Contemporain et cool, pour cr\u00e9er des tenues actuelles. COMPOSITION : 100% coton &nbsp;","og_url":"https:\/\/guruofficialbrand.com\/fr\/prodotto\/t-shirt-4\/","og_site_name":"Guru","article_publisher":"https:\/\/facebook.com\/guruofficialbrand","article_modified_time":"2025-12-10T14:53:46+00:00","og_image":[{"width":1000,"height":1000,"url":"https:\/\/guruofficialbrand.com\/wp-content\/uploads\/2025\/03\/style08-navy-fronte.jpg","type":"image\/jpeg"}],"twitter_card":"summary_large_image","schema":{"@context":"https:\/\/schema.org","@graph":[{"@type":"WebPage","@id":"https:\/\/guruofficialbrand.com\/fr\/prodotto\/t-shirt-4\/","url":"https:\/\/guruofficialbrand.com\/fr\/prodotto\/t-shirt-4\/","name":"T-shirt - Guru","isPartOf":{"@id":"https:\/\/guruofficialbrand.com\/fr\/#website"},"primaryImageOfPage":{"@id":"https:\/\/guruofficialbrand.com\/fr\/prodotto\/t-shirt-4\/#primaryimage"},"image":{"@id":"https:\/\/guruofficialbrand.com\/fr\/prodotto\/t-shirt-4\/#primaryimage"},"thumbnailUrl":"https:\/\/guruofficialbrand.com\/wp-content\/uploads\/2025\/03\/style08-navy-fronte.jpg","datePublished":"2023-05-23T21:57:59+00:00","dateModified":"2025-12-10T14:53:46+00:00","breadcrumb":{"@id":"https:\/\/guruofficialbrand.com\/fr\/prodotto\/t-shirt-4\/#breadcrumb"},"inLanguage":"fr-FR","potentialAction":[{"@type":"ReadAction","target":["https:\/\/guruofficialbrand.com\/fr\/prodotto\/t-shirt-4\/"]}]},{"@type":"ImageObject","inLanguage":"fr-FR","@id":"https:\/\/guruofficialbrand.com\/fr\/prodotto\/t-shirt-4\/#primaryimage","url":"https:\/\/guruofficialbrand.com\/wp-content\/uploads\/2025\/03\/style08-navy-fronte.jpg","contentUrl":"https:\/\/guruofficialbrand.com\/wp-content\/uploads\/2025\/03\/style08-navy-fronte.jpg","width":1000,"height":1000},{"@type":"BreadcrumbList","@id":"https:\/\/guruofficialbrand.com\/fr\/prodotto\/t-shirt-4\/#breadcrumb","itemListElement":[{"@type":"ListItem","position":1,"name":"Accueil","item":"https:\/\/guruofficialbrand.com\/fr\/accueil\/"},{"@type":"ListItem","position":2,"name":"Boutique","item":"https:\/\/guruofficialbrand.com\/fr\/boutique\/"},{"@type":"ListItem","position":3,"name":"T-shirt"}]},{"@type":"WebSite","@id":"https:\/\/guruofficialbrand.com\/fr\/#website","url":"https:\/\/guruofficialbrand.com\/fr\/","name":"Guru","description":"Official Store","publisher":{"@id":"https:\/\/guruofficialbrand.com\/fr\/#organization"},"potentialAction":[{"@type":"SearchAction","target":{"@type":"EntryPoint","urlTemplate":"https:\/\/guruofficialbrand.com\/fr\/?s={search_term_string}"},"query-input":{"@type":"PropertyValueSpecification","valueRequired":true,"valueName":"search_term_string"}}],"inLanguage":"fr-FR"},{"@type":"Organization","@id":"https:\/\/guruofficialbrand.com\/fr\/#organization","name":"Gourou","url":"https:\/\/guruofficialbrand.com\/fr\/","logo":{"@type":"ImageObject","inLanguage":"fr-FR","@id":"https:\/\/guruofficialbrand.com\/fr\/#\/schema\/logo\/image\/","url":"https:\/\/guruofficialbrand.com\/wp-content\/uploads\/2025\/07\/Logo-GURU-Superclassic.png","contentUrl":"https:\/\/guruofficialbrand.com\/wp-content\/uploads\/2025\/07\/Logo-GURU-Superclassic.png","width":1080,"height":1080,"caption":"Gourou"},"image":{"@id":"https:\/\/guruofficialbrand.com\/fr\/#\/schema\/logo\/image\/"},"sameAs":["https:\/\/facebook.com\/guruofficialbrand","https:\/\/instagram.com\/guruofficialbrand","https:\/\/tiktok.com\/guruofficialbrand"]}]}},"_links":{"self":[{"href":"https:\/\/guruofficialbrand.com\/fr\/wp-json\/wp\/v2\/product\/7508","targetHints":{"allow":["GET"]}}],"collection":[{"href":"https:\/\/guruofficialbrand.com\/fr\/wp-json\/wp\/v2\/product"}],"about":[{"href":"https:\/\/guruofficialbrand.com\/fr\/wp-json\/wp\/v2\/types\/product"}],"replies":[{"embeddable":true,"href":"https:\/\/guruofficialbrand.com\/fr\/wp-json\/wp\/v2\/comments?post=7508"}],"version-history":[{"count":1,"href":"https:\/\/guruofficialbrand.com\/fr\/wp-json\/wp\/v2\/product\/7508\/revisions"}],"predecessor-version":[{"id":8579,"href":"https:\/\/guruofficialbrand.com\/fr\/wp-json\/wp\/v2\/product\/7508\/revisions\/8579"}],"wp:featuredmedia":[{"embeddable":true,"href":"https:\/\/guruofficialbrand.com\/fr\/wp-json\/wp\/v2\/media\/3935"}],"wp:attachment":[{"href":"https:\/\/guruofficialbrand.com\/fr\/wp-json\/wp\/v2\/media?parent=7508"}],"wp:term":[{"taxonomy":"product_brand","embeddable":true,"href":"https:\/\/guruofficialbrand.com\/fr\/wp-json\/wp\/v2\/product_brand?post=7508"},{"taxonomy":"product_cat","embeddable":true,"href":"https:\/\/guruofficialbrand.com\/fr\/wp-json\/wp\/v2\/product_cat?post=7508"},{"taxonomy":"product_tag","embeddable":true,"href":"https:\/\/guruofficialbrand.com\/fr\/wp-json\/wp\/v2\/product_tag?post=7508"}],"curies":[{"name":"wp","href":"https:\/\/api.w.org\/{rel}","templated":true}]}}