{"id":6830,"date":"2025-07-04T15:11:38","date_gmt":"2025-07-04T15:11:38","guid":{"rendered":"https:\/\/guruofficialbrand.com\/prodotto\/t-shirt-summer-bloom-crop-raccoon-relax-were-all-crazy\/"},"modified":"2025-11-06T12:00:09","modified_gmt":"2025-11-06T12:00:09","slug":"t-shirt-summer-bloom-crop-raccoon-relax-were-all-crazy","status":"publish","type":"product","link":"https:\/\/guruofficialbrand.com\/fr\/prodotto\/t-shirt-summer-bloom-crop-raccoon-relax-were-all-crazy\/","title":{"rendered":"T-shirt Bloom Crop Raccoon &#8220;Relax, we&#8217;re all crazy&#8230;&#8221;"},"content":{"rendered":"<p>&#8220;Relax, nous sommes tous fous&#8230; ce n&#8217;est pas une comp\u00e9tition&#8221; &#8211; une d\u00e9claration ironique et irr\u00e9sistible caract\u00e9rise ce <em data-start=\"296\" data-end=\"310\">T-shirt Crop<\/em> pour femme de la ligne<em data-start=\"332\" data-end=\"346\"> Bloom<\/em>. R\u00e9alis\u00e9 en jersey doux 24\/1 \u00e0 effet &#8220;marbre ray\u00e9&#8221; et <em data-start=\"423\" data-end=\"436\">New Washing<\/em>, il donne un aspect us\u00e9 mais raffin\u00e9. La broderie Guru de 6 cm enrichit le v\u00eatement d&#8217;un d\u00e9tail embl\u00e9matique, tandis que la c\u00f4te 1\/1 assure confort et \u00e9tanch\u00e9it\u00e9. Sa coupe courte et f\u00e9minine en fait un v\u00eatement id\u00e9al pour l&#8217;\u00e9t\u00e9, \u00e0 porter avec aisance et style. Disponible en 4 variantes de couleurs embl\u00e9matiques.<\/p>\n","protected":false},"excerpt":{"rendered":"<p>&#8220;Relax, nous sommes tous fous&#8230; ce n&#8217;est pas une comp\u00e9tition&#8221; &#8211; une d\u00e9claration ironique et irr\u00e9sistible caract\u00e9rise ce T-shirt Crop<\/p>\n","protected":false},"featured_media":10767,"comment_status":"open","ping_status":"closed","template":"","meta":[],"product_brand":[],"product_cat":[125,224,173],"product_tag":[],"class_list":{"0":"post-6830","1":"product","2":"type-product","3":"status-publish","4":"has-post-thumbnail","6":"product_cat-femme","7":"product_cat-summer-bloom","8":"product_cat-t-shirt-pour-femmes","9":"pa_colore-bleu-viole","10":"pa_colore-jaune","11":"pa_colore-rose","12":"pa_colore-vert","13":"pa_taglia-l-fr","14":"pa_taglia-m-fr","15":"pa_taglia-s-fr","16":"pa_taglia-xl-fr","18":"first","19":"instock","20":"shipping-taxable","21":"purchasable","22":"product-type-variable"},"yoast_head":"<!-- This site is optimized with the Yoast SEO plugin v27.3 - https:\/\/yoast.com\/product\/yoast-seo-wordpress\/ -->\n<title>T-shirt Bloom Crop Raccoon &quot;Relax, we&#039;re all crazy...&quot; - Guru<\/title>\n<meta name=\"robots\" content=\"index, follow, max-snippet:-1, max-image-preview:large, max-video-preview:-1\" \/>\n<link rel=\"canonical\" href=\"https:\/\/guruofficialbrand.com\/fr\/prodotto\/t-shirt-summer-bloom-crop-raccoon-relax-were-all-crazy\/\" \/>\n<meta property=\"og:locale\" content=\"fr_FR\" \/>\n<meta property=\"og:type\" content=\"article\" \/>\n<meta property=\"og:title\" content=\"T-shirt Bloom Crop Raccoon &quot;Relax, we&#039;re all crazy...&quot; - Guru\" \/>\n<meta property=\"og:description\" content=\"&#8220;Relax, nous sommes tous fous&#8230; ce n&#8217;est pas une comp\u00e9tition&#8221; &#8211; une d\u00e9claration ironique et irr\u00e9sistible caract\u00e9rise ce T-shirt Crop\" \/>\n<meta property=\"og:url\" content=\"https:\/\/guruofficialbrand.com\/fr\/prodotto\/t-shirt-summer-bloom-crop-raccoon-relax-were-all-crazy\/\" \/>\n<meta property=\"og:site_name\" content=\"Guru\" \/>\n<meta property=\"article:publisher\" content=\"https:\/\/facebook.com\/guruofficialbrand\" \/>\n<meta property=\"article:modified_time\" content=\"2025-11-06T12:00:09+00:00\" \/>\n<meta property=\"og:image\" content=\"https:\/\/guruofficialbrand.com\/wp-content\/uploads\/2025\/07\/GURU-gw101-3.jpg\" \/>\n\t<meta property=\"og:image:width\" content=\"832\" \/>\n\t<meta property=\"og:image:height\" content=\"1248\" \/>\n\t<meta property=\"og:image:type\" content=\"image\/jpeg\" \/>\n<meta name=\"twitter:card\" content=\"summary_large_image\" \/>\n<meta name=\"twitter:label1\" content=\"Dur\u00e9e de lecture estim\u00e9e\" \/>\n\t<meta name=\"twitter:data1\" content=\"1 minute\" \/>\n<script type=\"application\/ld+json\" class=\"yoast-schema-graph\">{\"@context\":\"https:\\\/\\\/schema.org\",\"@graph\":[{\"@type\":\"WebPage\",\"@id\":\"https:\\\/\\\/guruofficialbrand.com\\\/fr\\\/prodotto\\\/t-shirt-summer-bloom-crop-raccoon-relax-were-all-crazy\\\/\",\"url\":\"https:\\\/\\\/guruofficialbrand.com\\\/fr\\\/prodotto\\\/t-shirt-summer-bloom-crop-raccoon-relax-were-all-crazy\\\/\",\"name\":\"T-shirt Bloom Crop Raccoon \\\"Relax, we're all crazy...\\\" - Guru\",\"isPartOf\":{\"@id\":\"https:\\\/\\\/guruofficialbrand.com\\\/fr\\\/#website\"},\"primaryImageOfPage\":{\"@id\":\"https:\\\/\\\/guruofficialbrand.com\\\/fr\\\/prodotto\\\/t-shirt-summer-bloom-crop-raccoon-relax-were-all-crazy\\\/#primaryimage\"},\"image\":{\"@id\":\"https:\\\/\\\/guruofficialbrand.com\\\/fr\\\/prodotto\\\/t-shirt-summer-bloom-crop-raccoon-relax-were-all-crazy\\\/#primaryimage\"},\"thumbnailUrl\":\"https:\\\/\\\/guruofficialbrand.com\\\/wp-content\\\/uploads\\\/2025\\\/07\\\/GURU-gw101-3.jpg\",\"datePublished\":\"2025-07-04T15:11:38+00:00\",\"dateModified\":\"2025-11-06T12:00:09+00:00\",\"breadcrumb\":{\"@id\":\"https:\\\/\\\/guruofficialbrand.com\\\/fr\\\/prodotto\\\/t-shirt-summer-bloom-crop-raccoon-relax-were-all-crazy\\\/#breadcrumb\"},\"inLanguage\":\"fr-FR\",\"potentialAction\":[{\"@type\":\"ReadAction\",\"target\":[\"https:\\\/\\\/guruofficialbrand.com\\\/fr\\\/prodotto\\\/t-shirt-summer-bloom-crop-raccoon-relax-were-all-crazy\\\/\"]}]},{\"@type\":\"ImageObject\",\"inLanguage\":\"fr-FR\",\"@id\":\"https:\\\/\\\/guruofficialbrand.com\\\/fr\\\/prodotto\\\/t-shirt-summer-bloom-crop-raccoon-relax-were-all-crazy\\\/#primaryimage\",\"url\":\"https:\\\/\\\/guruofficialbrand.com\\\/wp-content\\\/uploads\\\/2025\\\/07\\\/GURU-gw101-3.jpg\",\"contentUrl\":\"https:\\\/\\\/guruofficialbrand.com\\\/wp-content\\\/uploads\\\/2025\\\/07\\\/GURU-gw101-3.jpg\",\"width\":832,\"height\":1248},{\"@type\":\"BreadcrumbList\",\"@id\":\"https:\\\/\\\/guruofficialbrand.com\\\/fr\\\/prodotto\\\/t-shirt-summer-bloom-crop-raccoon-relax-were-all-crazy\\\/#breadcrumb\",\"itemListElement\":[{\"@type\":\"ListItem\",\"position\":1,\"name\":\"Accueil\",\"item\":\"https:\\\/\\\/guruofficialbrand.com\\\/fr\\\/accueil\\\/\"},{\"@type\":\"ListItem\",\"position\":2,\"name\":\"Boutique\",\"item\":\"https:\\\/\\\/guruofficialbrand.com\\\/fr\\\/boutique\\\/\"},{\"@type\":\"ListItem\",\"position\":3,\"name\":\"T-shirt Bloom Crop Raccoon &#8220;Relax, we&#8217;re all crazy&#8230;&#8221;\"}]},{\"@type\":\"WebSite\",\"@id\":\"https:\\\/\\\/guruofficialbrand.com\\\/fr\\\/#website\",\"url\":\"https:\\\/\\\/guruofficialbrand.com\\\/fr\\\/\",\"name\":\"Guru\",\"description\":\"Official Store\",\"publisher\":{\"@id\":\"https:\\\/\\\/guruofficialbrand.com\\\/fr\\\/#organization\"},\"potentialAction\":[{\"@type\":\"SearchAction\",\"target\":{\"@type\":\"EntryPoint\",\"urlTemplate\":\"https:\\\/\\\/guruofficialbrand.com\\\/fr\\\/?s={search_term_string}\"},\"query-input\":{\"@type\":\"PropertyValueSpecification\",\"valueRequired\":true,\"valueName\":\"search_term_string\"}}],\"inLanguage\":\"fr-FR\"},{\"@type\":\"Organization\",\"@id\":\"https:\\\/\\\/guruofficialbrand.com\\\/fr\\\/#organization\",\"name\":\"Gourou\",\"url\":\"https:\\\/\\\/guruofficialbrand.com\\\/fr\\\/\",\"logo\":{\"@type\":\"ImageObject\",\"inLanguage\":\"fr-FR\",\"@id\":\"https:\\\/\\\/guruofficialbrand.com\\\/fr\\\/#\\\/schema\\\/logo\\\/image\\\/\",\"url\":\"https:\\\/\\\/guruofficialbrand.com\\\/wp-content\\\/uploads\\\/2025\\\/07\\\/Logo-GURU-Superclassic.png\",\"contentUrl\":\"https:\\\/\\\/guruofficialbrand.com\\\/wp-content\\\/uploads\\\/2025\\\/07\\\/Logo-GURU-Superclassic.png\",\"width\":1080,\"height\":1080,\"caption\":\"Gourou\"},\"image\":{\"@id\":\"https:\\\/\\\/guruofficialbrand.com\\\/fr\\\/#\\\/schema\\\/logo\\\/image\\\/\"},\"sameAs\":[\"https:\\\/\\\/facebook.com\\\/guruofficialbrand\",\"https:\\\/\\\/instagram.com\\\/guruofficialbrand\",\"https:\\\/\\\/tiktok.com\\\/guruofficialbrand\"]}]}<\/script>\n<!-- \/ Yoast SEO plugin. -->","yoast_head_json":{"title":"T-shirt Bloom Crop Raccoon \"Relax, we're all crazy...\" - Guru","robots":{"index":"index","follow":"follow","max-snippet":"max-snippet:-1","max-image-preview":"max-image-preview:large","max-video-preview":"max-video-preview:-1"},"canonical":"https:\/\/guruofficialbrand.com\/fr\/prodotto\/t-shirt-summer-bloom-crop-raccoon-relax-were-all-crazy\/","og_locale":"fr_FR","og_type":"article","og_title":"T-shirt Bloom Crop Raccoon \"Relax, we're all crazy...\" - Guru","og_description":"&#8220;Relax, nous sommes tous fous&#8230; ce n&#8217;est pas une comp\u00e9tition&#8221; &#8211; une d\u00e9claration ironique et irr\u00e9sistible caract\u00e9rise ce T-shirt Crop","og_url":"https:\/\/guruofficialbrand.com\/fr\/prodotto\/t-shirt-summer-bloom-crop-raccoon-relax-were-all-crazy\/","og_site_name":"Guru","article_publisher":"https:\/\/facebook.com\/guruofficialbrand","article_modified_time":"2025-11-06T12:00:09+00:00","og_image":[{"width":832,"height":1248,"url":"https:\/\/guruofficialbrand.com\/wp-content\/uploads\/2025\/07\/GURU-gw101-3.jpg","type":"image\/jpeg"}],"twitter_card":"summary_large_image","twitter_misc":{"Dur\u00e9e de lecture estim\u00e9e":"1 minute"},"schema":{"@context":"https:\/\/schema.org","@graph":[{"@type":"WebPage","@id":"https:\/\/guruofficialbrand.com\/fr\/prodotto\/t-shirt-summer-bloom-crop-raccoon-relax-were-all-crazy\/","url":"https:\/\/guruofficialbrand.com\/fr\/prodotto\/t-shirt-summer-bloom-crop-raccoon-relax-were-all-crazy\/","name":"T-shirt Bloom Crop Raccoon \"Relax, we're all crazy...\" - Guru","isPartOf":{"@id":"https:\/\/guruofficialbrand.com\/fr\/#website"},"primaryImageOfPage":{"@id":"https:\/\/guruofficialbrand.com\/fr\/prodotto\/t-shirt-summer-bloom-crop-raccoon-relax-were-all-crazy\/#primaryimage"},"image":{"@id":"https:\/\/guruofficialbrand.com\/fr\/prodotto\/t-shirt-summer-bloom-crop-raccoon-relax-were-all-crazy\/#primaryimage"},"thumbnailUrl":"https:\/\/guruofficialbrand.com\/wp-content\/uploads\/2025\/07\/GURU-gw101-3.jpg","datePublished":"2025-07-04T15:11:38+00:00","dateModified":"2025-11-06T12:00:09+00:00","breadcrumb":{"@id":"https:\/\/guruofficialbrand.com\/fr\/prodotto\/t-shirt-summer-bloom-crop-raccoon-relax-were-all-crazy\/#breadcrumb"},"inLanguage":"fr-FR","potentialAction":[{"@type":"ReadAction","target":["https:\/\/guruofficialbrand.com\/fr\/prodotto\/t-shirt-summer-bloom-crop-raccoon-relax-were-all-crazy\/"]}]},{"@type":"ImageObject","inLanguage":"fr-FR","@id":"https:\/\/guruofficialbrand.com\/fr\/prodotto\/t-shirt-summer-bloom-crop-raccoon-relax-were-all-crazy\/#primaryimage","url":"https:\/\/guruofficialbrand.com\/wp-content\/uploads\/2025\/07\/GURU-gw101-3.jpg","contentUrl":"https:\/\/guruofficialbrand.com\/wp-content\/uploads\/2025\/07\/GURU-gw101-3.jpg","width":832,"height":1248},{"@type":"BreadcrumbList","@id":"https:\/\/guruofficialbrand.com\/fr\/prodotto\/t-shirt-summer-bloom-crop-raccoon-relax-were-all-crazy\/#breadcrumb","itemListElement":[{"@type":"ListItem","position":1,"name":"Accueil","item":"https:\/\/guruofficialbrand.com\/fr\/accueil\/"},{"@type":"ListItem","position":2,"name":"Boutique","item":"https:\/\/guruofficialbrand.com\/fr\/boutique\/"},{"@type":"ListItem","position":3,"name":"T-shirt Bloom Crop Raccoon &#8220;Relax, we&#8217;re all crazy&#8230;&#8221;"}]},{"@type":"WebSite","@id":"https:\/\/guruofficialbrand.com\/fr\/#website","url":"https:\/\/guruofficialbrand.com\/fr\/","name":"Guru","description":"Official Store","publisher":{"@id":"https:\/\/guruofficialbrand.com\/fr\/#organization"},"potentialAction":[{"@type":"SearchAction","target":{"@type":"EntryPoint","urlTemplate":"https:\/\/guruofficialbrand.com\/fr\/?s={search_term_string}"},"query-input":{"@type":"PropertyValueSpecification","valueRequired":true,"valueName":"search_term_string"}}],"inLanguage":"fr-FR"},{"@type":"Organization","@id":"https:\/\/guruofficialbrand.com\/fr\/#organization","name":"Gourou","url":"https:\/\/guruofficialbrand.com\/fr\/","logo":{"@type":"ImageObject","inLanguage":"fr-FR","@id":"https:\/\/guruofficialbrand.com\/fr\/#\/schema\/logo\/image\/","url":"https:\/\/guruofficialbrand.com\/wp-content\/uploads\/2025\/07\/Logo-GURU-Superclassic.png","contentUrl":"https:\/\/guruofficialbrand.com\/wp-content\/uploads\/2025\/07\/Logo-GURU-Superclassic.png","width":1080,"height":1080,"caption":"Gourou"},"image":{"@id":"https:\/\/guruofficialbrand.com\/fr\/#\/schema\/logo\/image\/"},"sameAs":["https:\/\/facebook.com\/guruofficialbrand","https:\/\/instagram.com\/guruofficialbrand","https:\/\/tiktok.com\/guruofficialbrand"]}]}},"_links":{"self":[{"href":"https:\/\/guruofficialbrand.com\/fr\/wp-json\/wp\/v2\/product\/6830","targetHints":{"allow":["GET"]}}],"collection":[{"href":"https:\/\/guruofficialbrand.com\/fr\/wp-json\/wp\/v2\/product"}],"about":[{"href":"https:\/\/guruofficialbrand.com\/fr\/wp-json\/wp\/v2\/types\/product"}],"replies":[{"embeddable":true,"href":"https:\/\/guruofficialbrand.com\/fr\/wp-json\/wp\/v2\/comments?post=6830"}],"version-history":[{"count":3,"href":"https:\/\/guruofficialbrand.com\/fr\/wp-json\/wp\/v2\/product\/6830\/revisions"}],"predecessor-version":[{"id":11289,"href":"https:\/\/guruofficialbrand.com\/fr\/wp-json\/wp\/v2\/product\/6830\/revisions\/11289"}],"wp:featuredmedia":[{"embeddable":true,"href":"https:\/\/guruofficialbrand.com\/fr\/wp-json\/wp\/v2\/media\/10767"}],"wp:attachment":[{"href":"https:\/\/guruofficialbrand.com\/fr\/wp-json\/wp\/v2\/media?parent=6830"}],"wp:term":[{"taxonomy":"product_brand","embeddable":true,"href":"https:\/\/guruofficialbrand.com\/fr\/wp-json\/wp\/v2\/product_brand?post=6830"},{"taxonomy":"product_cat","embeddable":true,"href":"https:\/\/guruofficialbrand.com\/fr\/wp-json\/wp\/v2\/product_cat?post=6830"},{"taxonomy":"product_tag","embeddable":true,"href":"https:\/\/guruofficialbrand.com\/fr\/wp-json\/wp\/v2\/product_tag?post=6830"}],"curies":[{"name":"wp","href":"https:\/\/api.w.org\/{rel}","templated":true}]}}