{"id":6667,"date":"2025-07-05T06:14:07","date_gmt":"2025-07-05T06:14:07","guid":{"rendered":"https:\/\/guruofficialbrand.com\/prodotto\/sweatshirt-all-over-summer-bloom-pour-femmes\/"},"modified":"2025-11-06T11:43:39","modified_gmt":"2025-11-06T11:43:39","slug":"sweatshirt-all-over-summer-bloom-pour-femmes","status":"publish","type":"product","link":"https:\/\/guruofficialbrand.com\/fr\/prodotto\/sweatshirt-all-over-summer-bloom-pour-femmes\/","title":{"rendered":"Sweat-shirt Bloom pour femmes All-Over"},"content":{"rendered":"<p>Un v\u00eatement qui allie style graphique et confort : le <em data-start=\"191\" data-end=\"204\">sweat-shirt<\/em><em data-start=\"205\" data-end=\"219\"> Bloom<\/em> <em data-start=\"191\" data-end=\"204\">pour femme<\/em> est fabriqu\u00e9 en peluche, avec une impression num\u00e9rique sur toute la surface et un traitement de <em data-start=\"294\" data-end=\"309\">teinture directe<\/em> pour un look riche en couleurs et en profondeur. La broderie Guru domine la sc\u00e8ne avec caract\u00e8re, tandis que la s\u00e9rigraphie &#8216;Daisy&#8217; ajoute un d\u00e9tail d\u00e9licat et distinctif. La nervure assure un ajustement confortable. Un sweat qui exprime \u00e9nergie et identit\u00e9, parfait pour affronter l&#8217;\u00e9t\u00e9 avec personnalit\u00e9.<\/p>\n","protected":false},"excerpt":{"rendered":"<p>Un v\u00eatement qui allie style graphique et confort : le sweat-shirt Bloom pour femme est fabriqu\u00e9 en peluche, avec une<\/p>\n","protected":false},"featured_media":10623,"comment_status":"open","ping_status":"closed","template":"","meta":[],"product_brand":[],"product_cat":[223,125,224,191],"product_tag":[],"class_list":{"0":"post-6667","1":"product","2":"type-product","3":"status-publish","4":"has-post-thumbnail","6":"product_cat-collections","7":"product_cat-femme","8":"product_cat-summer-bloom","9":"product_cat-sweatshirts-pour-femmes","10":"pa_colore-blanc","11":"pa_colore-rose","12":"pa_colore-vert","13":"pa_taglia-l-fr","14":"pa_taglia-m-fr","15":"pa_taglia-s-fr","16":"pa_taglia-xl-fr","18":"first","19":"instock","20":"shipping-taxable","21":"purchasable","22":"product-type-variable"},"yoast_head":"<!-- This site is optimized with the Yoast SEO plugin v27.3 - https:\/\/yoast.com\/product\/yoast-seo-wordpress\/ -->\n<title>Sweat-shirt Bloom pour femmes All-Over - Guru<\/title>\n<meta name=\"robots\" content=\"index, follow, max-snippet:-1, max-image-preview:large, max-video-preview:-1\" \/>\n<link rel=\"canonical\" href=\"https:\/\/guruofficialbrand.com\/fr\/prodotto\/sweatshirt-all-over-summer-bloom-pour-femmes\/\" \/>\n<meta property=\"og:locale\" content=\"fr_FR\" \/>\n<meta property=\"og:type\" content=\"article\" \/>\n<meta property=\"og:title\" content=\"Sweat-shirt Bloom pour femmes All-Over - Guru\" \/>\n<meta property=\"og:description\" content=\"Un v\u00eatement qui allie style graphique et confort : le sweat-shirt Bloom pour femme est fabriqu\u00e9 en peluche, avec une\" \/>\n<meta property=\"og:url\" content=\"https:\/\/guruofficialbrand.com\/fr\/prodotto\/sweatshirt-all-over-summer-bloom-pour-femmes\/\" \/>\n<meta property=\"og:site_name\" content=\"Guru\" \/>\n<meta property=\"article:publisher\" content=\"https:\/\/facebook.com\/guruofficialbrand\" \/>\n<meta property=\"article:modified_time\" content=\"2025-11-06T11:43:39+00:00\" \/>\n<meta property=\"og:image\" content=\"https:\/\/guruofficialbrand.com\/wp-content\/uploads\/2025\/07\/13.png\" \/>\n\t<meta property=\"og:image:width\" content=\"832\" \/>\n\t<meta property=\"og:image:height\" content=\"1248\" \/>\n\t<meta property=\"og:image:type\" content=\"image\/png\" \/>\n<meta name=\"twitter:card\" content=\"summary_large_image\" \/>\n<script type=\"application\/ld+json\" class=\"yoast-schema-graph\">{\"@context\":\"https:\\\/\\\/schema.org\",\"@graph\":[{\"@type\":\"WebPage\",\"@id\":\"https:\\\/\\\/guruofficialbrand.com\\\/fr\\\/prodotto\\\/sweatshirt-all-over-summer-bloom-pour-femmes\\\/\",\"url\":\"https:\\\/\\\/guruofficialbrand.com\\\/fr\\\/prodotto\\\/sweatshirt-all-over-summer-bloom-pour-femmes\\\/\",\"name\":\"Sweat-shirt Bloom pour femmes All-Over - Guru\",\"isPartOf\":{\"@id\":\"https:\\\/\\\/guruofficialbrand.com\\\/fr\\\/#website\"},\"primaryImageOfPage\":{\"@id\":\"https:\\\/\\\/guruofficialbrand.com\\\/fr\\\/prodotto\\\/sweatshirt-all-over-summer-bloom-pour-femmes\\\/#primaryimage\"},\"image\":{\"@id\":\"https:\\\/\\\/guruofficialbrand.com\\\/fr\\\/prodotto\\\/sweatshirt-all-over-summer-bloom-pour-femmes\\\/#primaryimage\"},\"thumbnailUrl\":\"https:\\\/\\\/guruofficialbrand.com\\\/wp-content\\\/uploads\\\/2025\\\/07\\\/13.png\",\"datePublished\":\"2025-07-05T06:14:07+00:00\",\"dateModified\":\"2025-11-06T11:43:39+00:00\",\"breadcrumb\":{\"@id\":\"https:\\\/\\\/guruofficialbrand.com\\\/fr\\\/prodotto\\\/sweatshirt-all-over-summer-bloom-pour-femmes\\\/#breadcrumb\"},\"inLanguage\":\"fr-FR\",\"potentialAction\":[{\"@type\":\"ReadAction\",\"target\":[\"https:\\\/\\\/guruofficialbrand.com\\\/fr\\\/prodotto\\\/sweatshirt-all-over-summer-bloom-pour-femmes\\\/\"]}]},{\"@type\":\"ImageObject\",\"inLanguage\":\"fr-FR\",\"@id\":\"https:\\\/\\\/guruofficialbrand.com\\\/fr\\\/prodotto\\\/sweatshirt-all-over-summer-bloom-pour-femmes\\\/#primaryimage\",\"url\":\"https:\\\/\\\/guruofficialbrand.com\\\/wp-content\\\/uploads\\\/2025\\\/07\\\/13.png\",\"contentUrl\":\"https:\\\/\\\/guruofficialbrand.com\\\/wp-content\\\/uploads\\\/2025\\\/07\\\/13.png\",\"width\":832,\"height\":1248},{\"@type\":\"BreadcrumbList\",\"@id\":\"https:\\\/\\\/guruofficialbrand.com\\\/fr\\\/prodotto\\\/sweatshirt-all-over-summer-bloom-pour-femmes\\\/#breadcrumb\",\"itemListElement\":[{\"@type\":\"ListItem\",\"position\":1,\"name\":\"Accueil\",\"item\":\"https:\\\/\\\/guruofficialbrand.com\\\/fr\\\/accueil\\\/\"},{\"@type\":\"ListItem\",\"position\":2,\"name\":\"Boutique\",\"item\":\"https:\\\/\\\/guruofficialbrand.com\\\/fr\\\/boutique\\\/\"},{\"@type\":\"ListItem\",\"position\":3,\"name\":\"Sweat-shirt Bloom pour femmes All-Over\"}]},{\"@type\":\"WebSite\",\"@id\":\"https:\\\/\\\/guruofficialbrand.com\\\/fr\\\/#website\",\"url\":\"https:\\\/\\\/guruofficialbrand.com\\\/fr\\\/\",\"name\":\"Guru\",\"description\":\"Official Store\",\"publisher\":{\"@id\":\"https:\\\/\\\/guruofficialbrand.com\\\/fr\\\/#organization\"},\"potentialAction\":[{\"@type\":\"SearchAction\",\"target\":{\"@type\":\"EntryPoint\",\"urlTemplate\":\"https:\\\/\\\/guruofficialbrand.com\\\/fr\\\/?s={search_term_string}\"},\"query-input\":{\"@type\":\"PropertyValueSpecification\",\"valueRequired\":true,\"valueName\":\"search_term_string\"}}],\"inLanguage\":\"fr-FR\"},{\"@type\":\"Organization\",\"@id\":\"https:\\\/\\\/guruofficialbrand.com\\\/fr\\\/#organization\",\"name\":\"Gourou\",\"url\":\"https:\\\/\\\/guruofficialbrand.com\\\/fr\\\/\",\"logo\":{\"@type\":\"ImageObject\",\"inLanguage\":\"fr-FR\",\"@id\":\"https:\\\/\\\/guruofficialbrand.com\\\/fr\\\/#\\\/schema\\\/logo\\\/image\\\/\",\"url\":\"https:\\\/\\\/guruofficialbrand.com\\\/wp-content\\\/uploads\\\/2025\\\/07\\\/Logo-GURU-Superclassic.png\",\"contentUrl\":\"https:\\\/\\\/guruofficialbrand.com\\\/wp-content\\\/uploads\\\/2025\\\/07\\\/Logo-GURU-Superclassic.png\",\"width\":1080,\"height\":1080,\"caption\":\"Gourou\"},\"image\":{\"@id\":\"https:\\\/\\\/guruofficialbrand.com\\\/fr\\\/#\\\/schema\\\/logo\\\/image\\\/\"},\"sameAs\":[\"https:\\\/\\\/facebook.com\\\/guruofficialbrand\",\"https:\\\/\\\/instagram.com\\\/guruofficialbrand\",\"https:\\\/\\\/tiktok.com\\\/guruofficialbrand\"]}]}<\/script>\n<!-- \/ Yoast SEO plugin. -->","yoast_head_json":{"title":"Sweat-shirt Bloom pour femmes All-Over - Guru","robots":{"index":"index","follow":"follow","max-snippet":"max-snippet:-1","max-image-preview":"max-image-preview:large","max-video-preview":"max-video-preview:-1"},"canonical":"https:\/\/guruofficialbrand.com\/fr\/prodotto\/sweatshirt-all-over-summer-bloom-pour-femmes\/","og_locale":"fr_FR","og_type":"article","og_title":"Sweat-shirt Bloom pour femmes All-Over - Guru","og_description":"Un v\u00eatement qui allie style graphique et confort : le sweat-shirt Bloom pour femme est fabriqu\u00e9 en peluche, avec une","og_url":"https:\/\/guruofficialbrand.com\/fr\/prodotto\/sweatshirt-all-over-summer-bloom-pour-femmes\/","og_site_name":"Guru","article_publisher":"https:\/\/facebook.com\/guruofficialbrand","article_modified_time":"2025-11-06T11:43:39+00:00","og_image":[{"width":832,"height":1248,"url":"https:\/\/guruofficialbrand.com\/wp-content\/uploads\/2025\/07\/13.png","type":"image\/png"}],"twitter_card":"summary_large_image","schema":{"@context":"https:\/\/schema.org","@graph":[{"@type":"WebPage","@id":"https:\/\/guruofficialbrand.com\/fr\/prodotto\/sweatshirt-all-over-summer-bloom-pour-femmes\/","url":"https:\/\/guruofficialbrand.com\/fr\/prodotto\/sweatshirt-all-over-summer-bloom-pour-femmes\/","name":"Sweat-shirt Bloom pour femmes All-Over - Guru","isPartOf":{"@id":"https:\/\/guruofficialbrand.com\/fr\/#website"},"primaryImageOfPage":{"@id":"https:\/\/guruofficialbrand.com\/fr\/prodotto\/sweatshirt-all-over-summer-bloom-pour-femmes\/#primaryimage"},"image":{"@id":"https:\/\/guruofficialbrand.com\/fr\/prodotto\/sweatshirt-all-over-summer-bloom-pour-femmes\/#primaryimage"},"thumbnailUrl":"https:\/\/guruofficialbrand.com\/wp-content\/uploads\/2025\/07\/13.png","datePublished":"2025-07-05T06:14:07+00:00","dateModified":"2025-11-06T11:43:39+00:00","breadcrumb":{"@id":"https:\/\/guruofficialbrand.com\/fr\/prodotto\/sweatshirt-all-over-summer-bloom-pour-femmes\/#breadcrumb"},"inLanguage":"fr-FR","potentialAction":[{"@type":"ReadAction","target":["https:\/\/guruofficialbrand.com\/fr\/prodotto\/sweatshirt-all-over-summer-bloom-pour-femmes\/"]}]},{"@type":"ImageObject","inLanguage":"fr-FR","@id":"https:\/\/guruofficialbrand.com\/fr\/prodotto\/sweatshirt-all-over-summer-bloom-pour-femmes\/#primaryimage","url":"https:\/\/guruofficialbrand.com\/wp-content\/uploads\/2025\/07\/13.png","contentUrl":"https:\/\/guruofficialbrand.com\/wp-content\/uploads\/2025\/07\/13.png","width":832,"height":1248},{"@type":"BreadcrumbList","@id":"https:\/\/guruofficialbrand.com\/fr\/prodotto\/sweatshirt-all-over-summer-bloom-pour-femmes\/#breadcrumb","itemListElement":[{"@type":"ListItem","position":1,"name":"Accueil","item":"https:\/\/guruofficialbrand.com\/fr\/accueil\/"},{"@type":"ListItem","position":2,"name":"Boutique","item":"https:\/\/guruofficialbrand.com\/fr\/boutique\/"},{"@type":"ListItem","position":3,"name":"Sweat-shirt Bloom pour femmes All-Over"}]},{"@type":"WebSite","@id":"https:\/\/guruofficialbrand.com\/fr\/#website","url":"https:\/\/guruofficialbrand.com\/fr\/","name":"Guru","description":"Official Store","publisher":{"@id":"https:\/\/guruofficialbrand.com\/fr\/#organization"},"potentialAction":[{"@type":"SearchAction","target":{"@type":"EntryPoint","urlTemplate":"https:\/\/guruofficialbrand.com\/fr\/?s={search_term_string}"},"query-input":{"@type":"PropertyValueSpecification","valueRequired":true,"valueName":"search_term_string"}}],"inLanguage":"fr-FR"},{"@type":"Organization","@id":"https:\/\/guruofficialbrand.com\/fr\/#organization","name":"Gourou","url":"https:\/\/guruofficialbrand.com\/fr\/","logo":{"@type":"ImageObject","inLanguage":"fr-FR","@id":"https:\/\/guruofficialbrand.com\/fr\/#\/schema\/logo\/image\/","url":"https:\/\/guruofficialbrand.com\/wp-content\/uploads\/2025\/07\/Logo-GURU-Superclassic.png","contentUrl":"https:\/\/guruofficialbrand.com\/wp-content\/uploads\/2025\/07\/Logo-GURU-Superclassic.png","width":1080,"height":1080,"caption":"Gourou"},"image":{"@id":"https:\/\/guruofficialbrand.com\/fr\/#\/schema\/logo\/image\/"},"sameAs":["https:\/\/facebook.com\/guruofficialbrand","https:\/\/instagram.com\/guruofficialbrand","https:\/\/tiktok.com\/guruofficialbrand"]}]}},"_links":{"self":[{"href":"https:\/\/guruofficialbrand.com\/fr\/wp-json\/wp\/v2\/product\/6667","targetHints":{"allow":["GET"]}}],"collection":[{"href":"https:\/\/guruofficialbrand.com\/fr\/wp-json\/wp\/v2\/product"}],"about":[{"href":"https:\/\/guruofficialbrand.com\/fr\/wp-json\/wp\/v2\/types\/product"}],"replies":[{"embeddable":true,"href":"https:\/\/guruofficialbrand.com\/fr\/wp-json\/wp\/v2\/comments?post=6667"}],"version-history":[{"count":3,"href":"https:\/\/guruofficialbrand.com\/fr\/wp-json\/wp\/v2\/product\/6667\/revisions"}],"predecessor-version":[{"id":11276,"href":"https:\/\/guruofficialbrand.com\/fr\/wp-json\/wp\/v2\/product\/6667\/revisions\/11276"}],"wp:featuredmedia":[{"embeddable":true,"href":"https:\/\/guruofficialbrand.com\/fr\/wp-json\/wp\/v2\/media\/10623"}],"wp:attachment":[{"href":"https:\/\/guruofficialbrand.com\/fr\/wp-json\/wp\/v2\/media?parent=6667"}],"wp:term":[{"taxonomy":"product_brand","embeddable":true,"href":"https:\/\/guruofficialbrand.com\/fr\/wp-json\/wp\/v2\/product_brand?post=6667"},{"taxonomy":"product_cat","embeddable":true,"href":"https:\/\/guruofficialbrand.com\/fr\/wp-json\/wp\/v2\/product_cat?post=6667"},{"taxonomy":"product_tag","embeddable":true,"href":"https:\/\/guruofficialbrand.com\/fr\/wp-json\/wp\/v2\/product_tag?post=6667"}],"curies":[{"name":"wp","href":"https:\/\/api.w.org\/{rel}","templated":true}]}}