{"id":9521,"date":"2025-07-28T08:29:11","date_gmt":"2025-07-28T08:29:11","guid":{"rendered":"https:\/\/guruofficialbrand.com\/page-de-remerciement-pour-le-commerce-electronique\/"},"modified":"2025-07-28T08:38:05","modified_gmt":"2025-07-28T08:38:05","slug":"page-de-remerciement-pour-le-commerce-electronique","status":"publish","type":"page","link":"https:\/\/guruofficialbrand.com\/fr\/page-de-remerciement-pour-le-commerce-electronique\/","title":{"rendered":"Page de remerciement pour le commerce \u00e9lectronique"},"content":{"rendered":"\t\t<div data-elementor-type=\"wp-page\" data-elementor-id=\"9521\" class=\"elementor elementor-9521\" data-elementor-post-type=\"page\">\n\t\t\t\t<div class=\"elementor-element elementor-element-85a19c9 e-con-full wd-section-stretch e-flex e-con e-parent\" data-id=\"85a19c9\" data-element_type=\"container\" data-e-type=\"container\" data-settings=\"{&quot;background_background&quot;:&quot;slideshow&quot;,&quot;background_slideshow_gallery&quot;:[{&quot;id&quot;:3256,&quot;url&quot;:&quot;https:\\\/\\\/guruofficialbrand.com\\\/wp-content\\\/uploads\\\/2025\\\/07\\\/115A7855-scaled.jpg&quot;}],&quot;background_slideshow_loop&quot;:&quot;yes&quot;,&quot;background_slideshow_slide_duration&quot;:5000,&quot;background_slideshow_slide_transition&quot;:&quot;fade&quot;,&quot;background_slideshow_transition_duration&quot;:500}\">\n\t\t<div class=\"elementor-element elementor-element-a939c2e e-flex e-con-boxed e-con e-child\" data-id=\"a939c2e\" data-element_type=\"container\" data-e-type=\"container\" data-settings=\"{&quot;background_background&quot;:&quot;classic&quot;}\">\n\t\t\t\t\t<div class=\"e-con-inner\">\n\t\t\t\t<div class=\"elementor-element elementor-element-6a47e83 elementor-widget elementor-widget-image\" data-id=\"6a47e83\" data-element_type=\"widget\" data-e-type=\"widget\" data-widget_type=\"image.default\">\n\t\t\t\t\t\t\t\t\t\t\t\t\t\t\t<img loading=\"lazy\" decoding=\"async\" width=\"1024\" height=\"1024\" src=\"https:\/\/guruofficialbrand.com\/wp-content\/uploads\/2025\/07\/Logo-GURU-Superclassic-1024x1024.png\" class=\"attachment-large size-large wp-image-5413\" alt=\"\" srcset=\"https:\/\/guruofficialbrand.com\/wp-content\/uploads\/2025\/07\/Logo-GURU-Superclassic-1024x1024.png 1024w, https:\/\/guruofficialbrand.com\/wp-content\/uploads\/2025\/07\/Logo-GURU-Superclassic-300x300.png 300w, https:\/\/guruofficialbrand.com\/wp-content\/uploads\/2025\/07\/Logo-GURU-Superclassic-150x150.png 150w, https:\/\/guruofficialbrand.com\/wp-content\/uploads\/2025\/07\/Logo-GURU-Superclassic-768x768.png 768w, https:\/\/guruofficialbrand.com\/wp-content\/uploads\/2025\/07\/Logo-GURU-Superclassic-600x600.png 600w, https:\/\/guruofficialbrand.com\/wp-content\/uploads\/2025\/07\/Logo-GURU-Superclassic.png 1080w\" sizes=\"auto, (max-width: 1024px) 100vw, 1024px\" \/>\t\t\t\t\t\t\t\t\t\t\t\t\t\t\t<\/div>\n\t\t\t\t<div class=\"elementor-element elementor-element-05f8863 elementor-widget elementor-widget-heading\" data-id=\"05f8863\" data-element_type=\"widget\" data-e-type=\"widget\" data-widget_type=\"heading.default\">\n\t\t\t\t\t<h2 class=\"elementor-heading-title elementor-size-default\">Merci d'avoir achet\u00e9<\/h2>\t\t\t\t<\/div>\n\t\t\t\t<div class=\"elementor-element elementor-element-d22b1d8 color-scheme-inherit text-left elementor-widget elementor-widget-text-editor\" data-id=\"d22b1d8\" data-element_type=\"widget\" data-e-type=\"widget\" data-widget_type=\"text-editor.default\">\n\t\t\t\t\t\t\t\t\t<p>Merci d&#8217;avoir choisi Guru , design, style et appartenance depuis 1999.  <\/p>\t\t\t\t\t\t\t\t<\/div>\n\t\t\t\t<div class=\"elementor-element elementor-element-906414e elementor-align-center elementor-widget elementor-widget-button\" data-id=\"906414e\" data-element_type=\"widget\" data-e-type=\"widget\" data-widget_type=\"button.default\">\n\t\t\t\t\t\t\t\t\t\t<a class=\"elementor-button elementor-button-link elementor-size-sm\" href=\"https:\/\/guruofficialbrand.com\/negozio\/\">\n\t\t\t\t\t\t<span class=\"elementor-button-content-wrapper\">\n\t\t\t\t\t\t\t\t\t<span class=\"elementor-button-text\">Retour \u00e0 la boutique<\/span>\n\t\t\t\t\t<\/span>\n\t\t\t\t\t<\/a>\n\t\t\t\t\t\t\t\t<\/div>\n\t\t\t\t\t<\/div>\n\t\t\t\t<\/div>\n\t\t\t\t<\/div>\n\t\t\t\t<\/div>\n\t\t","protected":false},"excerpt":{"rendered":"<p>Merci d&#8217;avoir achet\u00e9 Merci d&#8217;avoir choisi Guru , design, style et appartenance depuis 1999. Retour \u00e0 la boutique<\/p>\n","protected":false},"author":1,"featured_media":0,"parent":0,"menu_order":0,"comment_status":"closed","ping_status":"closed","template":"","meta":{"footnotes":""},"class_list":["post-9521","page","type-page","status-publish","hentry"],"yoast_head":"<!-- This site is optimized with the Yoast SEO plugin v27.3 - https:\/\/yoast.com\/product\/yoast-seo-wordpress\/ -->\n<title>Page de remerciement pour le commerce \u00e9lectronique - Guru<\/title>\n<meta name=\"robots\" content=\"index, follow, max-snippet:-1, max-image-preview:large, max-video-preview:-1\" \/>\n<link rel=\"canonical\" href=\"https:\/\/guruofficialbrand.com\/fr\/page-de-remerciement-pour-le-commerce-electronique\/\" \/>\n<meta property=\"og:locale\" content=\"fr_FR\" \/>\n<meta property=\"og:type\" content=\"article\" \/>\n<meta property=\"og:title\" content=\"Page de remerciement pour le commerce \u00e9lectronique - Guru\" \/>\n<meta property=\"og:description\" content=\"Merci d&#8217;avoir achet\u00e9 Merci d&#8217;avoir choisi Guru , design, style et appartenance depuis 1999. Retour \u00e0 la boutique\" \/>\n<meta property=\"og:url\" content=\"https:\/\/guruofficialbrand.com\/fr\/page-de-remerciement-pour-le-commerce-electronique\/\" \/>\n<meta property=\"og:site_name\" content=\"Guru\" \/>\n<meta property=\"article:publisher\" content=\"https:\/\/facebook.com\/guruofficialbrand\" \/>\n<meta property=\"article:modified_time\" content=\"2025-07-28T08:38:05+00:00\" \/>\n<meta property=\"og:image\" content=\"https:\/\/guruofficialbrand.com\/wp-content\/uploads\/2025\/07\/Logo-GURU-Superclassic.png\" \/>\n\t<meta property=\"og:image:width\" content=\"1080\" \/>\n\t<meta property=\"og:image:height\" content=\"1080\" \/>\n\t<meta property=\"og:image:type\" content=\"image\/png\" \/>\n<meta name=\"twitter:card\" content=\"summary_large_image\" \/>\n<script type=\"application\/ld+json\" class=\"yoast-schema-graph\">{\"@context\":\"https:\\\/\\\/schema.org\",\"@graph\":[{\"@type\":\"WebPage\",\"@id\":\"https:\\\/\\\/guruofficialbrand.com\\\/fr\\\/page-de-remerciement-pour-le-commerce-electronique\\\/\",\"url\":\"https:\\\/\\\/guruofficialbrand.com\\\/fr\\\/page-de-remerciement-pour-le-commerce-electronique\\\/\",\"name\":\"Page de remerciement pour le commerce \u00e9lectronique - Guru\",\"isPartOf\":{\"@id\":\"https:\\\/\\\/guruofficialbrand.com\\\/fr\\\/#website\"},\"primaryImageOfPage\":{\"@id\":\"https:\\\/\\\/guruofficialbrand.com\\\/fr\\\/page-de-remerciement-pour-le-commerce-electronique\\\/#primaryimage\"},\"image\":{\"@id\":\"https:\\\/\\\/guruofficialbrand.com\\\/fr\\\/page-de-remerciement-pour-le-commerce-electronique\\\/#primaryimage\"},\"thumbnailUrl\":\"https:\\\/\\\/guruofficialbrand.com\\\/wp-content\\\/uploads\\\/2025\\\/07\\\/Logo-GURU-Superclassic-1024x1024.png\",\"datePublished\":\"2025-07-28T08:29:11+00:00\",\"dateModified\":\"2025-07-28T08:38:05+00:00\",\"breadcrumb\":{\"@id\":\"https:\\\/\\\/guruofficialbrand.com\\\/fr\\\/page-de-remerciement-pour-le-commerce-electronique\\\/#breadcrumb\"},\"inLanguage\":\"fr-FR\",\"potentialAction\":[{\"@type\":\"ReadAction\",\"target\":[\"https:\\\/\\\/guruofficialbrand.com\\\/fr\\\/page-de-remerciement-pour-le-commerce-electronique\\\/\"]}]},{\"@type\":\"ImageObject\",\"inLanguage\":\"fr-FR\",\"@id\":\"https:\\\/\\\/guruofficialbrand.com\\\/fr\\\/page-de-remerciement-pour-le-commerce-electronique\\\/#primaryimage\",\"url\":\"https:\\\/\\\/guruofficialbrand.com\\\/wp-content\\\/uploads\\\/2025\\\/07\\\/Logo-GURU-Superclassic-1024x1024.png\",\"contentUrl\":\"https:\\\/\\\/guruofficialbrand.com\\\/wp-content\\\/uploads\\\/2025\\\/07\\\/Logo-GURU-Superclassic-1024x1024.png\"},{\"@type\":\"BreadcrumbList\",\"@id\":\"https:\\\/\\\/guruofficialbrand.com\\\/fr\\\/page-de-remerciement-pour-le-commerce-electronique\\\/#breadcrumb\",\"itemListElement\":[{\"@type\":\"ListItem\",\"position\":1,\"name\":\"Accueil\",\"item\":\"https:\\\/\\\/guruofficialbrand.com\\\/fr\\\/accueil\\\/\"},{\"@type\":\"ListItem\",\"position\":2,\"name\":\"Page de remerciement pour le commerce \u00e9lectronique\"}]},{\"@type\":\"WebSite\",\"@id\":\"https:\\\/\\\/guruofficialbrand.com\\\/fr\\\/#website\",\"url\":\"https:\\\/\\\/guruofficialbrand.com\\\/fr\\\/\",\"name\":\"Guru\",\"description\":\"Official Store\",\"publisher\":{\"@id\":\"https:\\\/\\\/guruofficialbrand.com\\\/fr\\\/#organization\"},\"potentialAction\":[{\"@type\":\"SearchAction\",\"target\":{\"@type\":\"EntryPoint\",\"urlTemplate\":\"https:\\\/\\\/guruofficialbrand.com\\\/fr\\\/?s={search_term_string}\"},\"query-input\":{\"@type\":\"PropertyValueSpecification\",\"valueRequired\":true,\"valueName\":\"search_term_string\"}}],\"inLanguage\":\"fr-FR\"},{\"@type\":\"Organization\",\"@id\":\"https:\\\/\\\/guruofficialbrand.com\\\/fr\\\/#organization\",\"name\":\"Gourou\",\"url\":\"https:\\\/\\\/guruofficialbrand.com\\\/fr\\\/\",\"logo\":{\"@type\":\"ImageObject\",\"inLanguage\":\"fr-FR\",\"@id\":\"https:\\\/\\\/guruofficialbrand.com\\\/fr\\\/#\\\/schema\\\/logo\\\/image\\\/\",\"url\":\"https:\\\/\\\/guruofficialbrand.com\\\/wp-content\\\/uploads\\\/2025\\\/07\\\/Logo-GURU-Superclassic.png\",\"contentUrl\":\"https:\\\/\\\/guruofficialbrand.com\\\/wp-content\\\/uploads\\\/2025\\\/07\\\/Logo-GURU-Superclassic.png\",\"width\":1080,\"height\":1080,\"caption\":\"Gourou\"},\"image\":{\"@id\":\"https:\\\/\\\/guruofficialbrand.com\\\/fr\\\/#\\\/schema\\\/logo\\\/image\\\/\"},\"sameAs\":[\"https:\\\/\\\/facebook.com\\\/guruofficialbrand\",\"https:\\\/\\\/instagram.com\\\/guruofficialbrand\",\"https:\\\/\\\/tiktok.com\\\/guruofficialbrand\"]}]}<\/script>\n<!-- \/ Yoast SEO plugin. -->","yoast_head_json":{"title":"Page de remerciement pour le commerce \u00e9lectronique - Guru","robots":{"index":"index","follow":"follow","max-snippet":"max-snippet:-1","max-image-preview":"max-image-preview:large","max-video-preview":"max-video-preview:-1"},"canonical":"https:\/\/guruofficialbrand.com\/fr\/page-de-remerciement-pour-le-commerce-electronique\/","og_locale":"fr_FR","og_type":"article","og_title":"Page de remerciement pour le commerce \u00e9lectronique - Guru","og_description":"Merci d&#8217;avoir achet\u00e9 Merci d&#8217;avoir choisi Guru , design, style et appartenance depuis 1999. Retour \u00e0 la boutique","og_url":"https:\/\/guruofficialbrand.com\/fr\/page-de-remerciement-pour-le-commerce-electronique\/","og_site_name":"Guru","article_publisher":"https:\/\/facebook.com\/guruofficialbrand","article_modified_time":"2025-07-28T08:38:05+00:00","og_image":[{"width":1080,"height":1080,"url":"https:\/\/guruofficialbrand.com\/wp-content\/uploads\/2025\/07\/Logo-GURU-Superclassic.png","type":"image\/png"}],"twitter_card":"summary_large_image","schema":{"@context":"https:\/\/schema.org","@graph":[{"@type":"WebPage","@id":"https:\/\/guruofficialbrand.com\/fr\/page-de-remerciement-pour-le-commerce-electronique\/","url":"https:\/\/guruofficialbrand.com\/fr\/page-de-remerciement-pour-le-commerce-electronique\/","name":"Page de remerciement pour le commerce \u00e9lectronique - Guru","isPartOf":{"@id":"https:\/\/guruofficialbrand.com\/fr\/#website"},"primaryImageOfPage":{"@id":"https:\/\/guruofficialbrand.com\/fr\/page-de-remerciement-pour-le-commerce-electronique\/#primaryimage"},"image":{"@id":"https:\/\/guruofficialbrand.com\/fr\/page-de-remerciement-pour-le-commerce-electronique\/#primaryimage"},"thumbnailUrl":"https:\/\/guruofficialbrand.com\/wp-content\/uploads\/2025\/07\/Logo-GURU-Superclassic-1024x1024.png","datePublished":"2025-07-28T08:29:11+00:00","dateModified":"2025-07-28T08:38:05+00:00","breadcrumb":{"@id":"https:\/\/guruofficialbrand.com\/fr\/page-de-remerciement-pour-le-commerce-electronique\/#breadcrumb"},"inLanguage":"fr-FR","potentialAction":[{"@type":"ReadAction","target":["https:\/\/guruofficialbrand.com\/fr\/page-de-remerciement-pour-le-commerce-electronique\/"]}]},{"@type":"ImageObject","inLanguage":"fr-FR","@id":"https:\/\/guruofficialbrand.com\/fr\/page-de-remerciement-pour-le-commerce-electronique\/#primaryimage","url":"https:\/\/guruofficialbrand.com\/wp-content\/uploads\/2025\/07\/Logo-GURU-Superclassic-1024x1024.png","contentUrl":"https:\/\/guruofficialbrand.com\/wp-content\/uploads\/2025\/07\/Logo-GURU-Superclassic-1024x1024.png"},{"@type":"BreadcrumbList","@id":"https:\/\/guruofficialbrand.com\/fr\/page-de-remerciement-pour-le-commerce-electronique\/#breadcrumb","itemListElement":[{"@type":"ListItem","position":1,"name":"Accueil","item":"https:\/\/guruofficialbrand.com\/fr\/accueil\/"},{"@type":"ListItem","position":2,"name":"Page de remerciement pour le commerce \u00e9lectronique"}]},{"@type":"WebSite","@id":"https:\/\/guruofficialbrand.com\/fr\/#website","url":"https:\/\/guruofficialbrand.com\/fr\/","name":"Guru","description":"Official Store","publisher":{"@id":"https:\/\/guruofficialbrand.com\/fr\/#organization"},"potentialAction":[{"@type":"SearchAction","target":{"@type":"EntryPoint","urlTemplate":"https:\/\/guruofficialbrand.com\/fr\/?s={search_term_string}"},"query-input":{"@type":"PropertyValueSpecification","valueRequired":true,"valueName":"search_term_string"}}],"inLanguage":"fr-FR"},{"@type":"Organization","@id":"https:\/\/guruofficialbrand.com\/fr\/#organization","name":"Gourou","url":"https:\/\/guruofficialbrand.com\/fr\/","logo":{"@type":"ImageObject","inLanguage":"fr-FR","@id":"https:\/\/guruofficialbrand.com\/fr\/#\/schema\/logo\/image\/","url":"https:\/\/guruofficialbrand.com\/wp-content\/uploads\/2025\/07\/Logo-GURU-Superclassic.png","contentUrl":"https:\/\/guruofficialbrand.com\/wp-content\/uploads\/2025\/07\/Logo-GURU-Superclassic.png","width":1080,"height":1080,"caption":"Gourou"},"image":{"@id":"https:\/\/guruofficialbrand.com\/fr\/#\/schema\/logo\/image\/"},"sameAs":["https:\/\/facebook.com\/guruofficialbrand","https:\/\/instagram.com\/guruofficialbrand","https:\/\/tiktok.com\/guruofficialbrand"]}]}},"_links":{"self":[{"href":"https:\/\/guruofficialbrand.com\/fr\/wp-json\/wp\/v2\/pages\/9521","targetHints":{"allow":["GET"]}}],"collection":[{"href":"https:\/\/guruofficialbrand.com\/fr\/wp-json\/wp\/v2\/pages"}],"about":[{"href":"https:\/\/guruofficialbrand.com\/fr\/wp-json\/wp\/v2\/types\/page"}],"author":[{"embeddable":true,"href":"https:\/\/guruofficialbrand.com\/fr\/wp-json\/wp\/v2\/users\/1"}],"replies":[{"embeddable":true,"href":"https:\/\/guruofficialbrand.com\/fr\/wp-json\/wp\/v2\/comments?post=9521"}],"version-history":[{"count":2,"href":"https:\/\/guruofficialbrand.com\/fr\/wp-json\/wp\/v2\/pages\/9521\/revisions"}],"predecessor-version":[{"id":9536,"href":"https:\/\/guruofficialbrand.com\/fr\/wp-json\/wp\/v2\/pages\/9521\/revisions\/9536"}],"wp:attachment":[{"href":"https:\/\/guruofficialbrand.com\/fr\/wp-json\/wp\/v2\/media?parent=9521"}],"curies":[{"name":"wp","href":"https:\/\/api.w.org\/{rel}","templated":true}]}}